{"id":4555,"date":"2025-06-14T10:24:10","date_gmt":"2025-06-14T08:24:10","guid":{"rendered":"https:\/\/www.tiendamartinarevalo.com\/?post_type=product&#038;p=4555"},"modified":"2025-09-16T17:20:28","modified_gmt":"2025-09-16T15:20:28","slug":"como-morir-joven-lo-mas-tarde-posible","status":"publish","type":"product","link":"https:\/\/www.tiendamartinarevalo.com\/en\/product\/como-morir-joven-lo-mas-tarde-posible\/","title":{"rendered":"Como morir joven lo m\u00e1s tarde posible"},"content":{"rendered":"<p data-sourcepos=\"3:1-3:411\"><strong>\u00bfY si la clave para una vida larga y vibrante no residiera en la gen\u00e9tica, sino en la neurociencia de tu propia mente?<\/strong> \ud83e\udde0 Este libro, escrito por el reconocido Coach Mart\u00edn Ar\u00e9valo, te invita a explorar c\u00f3mo nuestros pensamientos, emociones y actitudes no solo nos acompa\u00f1an, sino que son arquitectos activos de nuestra biolog\u00eda y longevidad, permiti\u00e9ndonos vivir con una vitalidad asombrosa hasta el final.<\/p>\n<p data-sourcepos=\"5:1-5:514\">Sum\u00e9rgete en estrategias mentales que nutren no solo el cerebro, sino todo tu ser. Descubrir\u00e1s el impacto del movimiento consciente, el descanso reparador y la gesti\u00f3n del sue\u00f1o como pilares de una juventud prolongada. Aprender\u00e1s a integrar estos principios en tu d\u00eda a d\u00eda, superando obst\u00e1culos y manteniendo la motivaci\u00f3n en el camino. Es una gu\u00eda para dejar un legado de una vida vivida plenamente, demostrando que la verdadera juventud es una elecci\u00f3n y una forma de vivir cada instante con prop\u00f3sito y pasi\u00f3n.<\/p>\n<p data-sourcepos=\"7:1-7:750\"><strong>Sobre el autor:<\/strong> Mart\u00edn Ar\u00e9valo es Doctor en Hipnosis Cl\u00ednica y Ericksoniana, especialista en Neurociencias y Neuroempresa, inteligencia emocional y autoestima. <span class=\"citation-11 citation-end-11\">Cuenta con m\u00e1s de 30 a\u00f1os de experiencia como Coach Empresarial, personal y Neuroventas. <\/span> <span class=\"citation-10 citation-end-10\">Psic\u00f3logo Humanista y coach personal, formador, conferenciante internacional y escritor con m\u00e1s de 20 libros. <\/span> <span class=\"citation-9 citation-end-9\">Es el creador de la terapia Carmen y de los juegos &#8220;C\u00f3mo Construir una Empresa de \u00c9xito&#8221; y &#8220;Desaf\u00edo Mental&#8221;. <\/span> <span class=\"citation-8 citation-end-8\">Tambi\u00e9n es el creador de la franquicia TimeUpCoach, de la Coexistencia y la Sentiaterapia, <\/span> adem\u00e1s de director y fundador del Club Mej\u00f3rate y de la revista Empresas y L\u00edderes.<\/p>\n","protected":false},"excerpt":{"rendered":"<p data-sourcepos=\"3:1-3:411\"><strong>\u00bfY si la clave para una vida larga y vibrante no residiera en la gen\u00e9tica, sino en la neurociencia de tu propia mente?<\/strong> \ud83e\udde0 Este libro, escrito por el reconocido Coach Mart\u00edn Ar\u00e9valo, te invita a explorar c\u00f3mo nuestros pensamientos, emociones y actitudes no solo nos acompa\u00f1an, sino que son arquitectos activos de nuestra biolog\u00eda y longevidad, permiti\u00e9ndonos vivir con una vitalidad asombrosa hasta el final.<\/p>\n<p data-sourcepos=\"5:1-5:514\">Sum\u00e9rgete en estrategias mentales que nutren no solo el cerebro, sino todo tu ser. Descubrir\u00e1s el impacto del movimiento consciente, el descanso reparador y la gesti\u00f3n del sue\u00f1o como pilares de una juventud prolongada. Aprender\u00e1s a integrar estos principios en tu d\u00eda a d\u00eda, superando obst\u00e1culos y manteniendo la motivaci\u00f3n en el camino. Es una gu\u00eda para dejar un legado de una vida vivida plenamente, demostrando que la verdadera juventud es una elecci\u00f3n y una forma de vivir cada instante con prop\u00f3sito y pasi\u00f3n.<\/p>\n<p data-sourcepos=\"7:1-7:750\"><strong>Sobre el autor:<\/strong> Mart\u00edn Ar\u00e9valo es Doctor en Hipnosis Cl\u00ednica y Ericksoniana, especialista en Neurociencias y Neuroempresa, inteligencia emocional y autoestima. <span class=\"citation-11 citation-end-11\">Cuenta con m\u00e1s de 30 a\u00f1os de experiencia como Coach Empresarial, personal y Neuroventas. <\/span> <span class=\"citation-10 citation-end-10\">Psic\u00f3logo Humanista y coach personal, formador, conferenciante internacional y escritor con m\u00e1s de 20 libros. <\/span> <span class=\"citation-9 citation-end-9\">Es el creador de la terapia Carmen y de los juegos &#8220;C\u00f3mo Construir una Empresa de \u00c9xito&#8221; y &#8220;Desaf\u00edo Mental&#8221;. <\/span> <span class=\"citation-8 citation-end-8\">Tambi\u00e9n es el creador de la franquicia TimeUpCoach, de la Coexistencia y la Sentiaterapia, <\/span> adem\u00e1s de director y fundador del Club Mej\u00f3rate y de la revista Empresas y L\u00edderes.<\/p>\n","protected":false},"featured_media":4557,"comment_status":"open","ping_status":"closed","template":"","meta":[],"product_brand":[],"product_cat":[53],"product_tag":[],"product_publisher":[84],"class_list":{"0":"post-4555","1":"product","2":"type-product","3":"status-publish","4":"has-post-thumbnail","6":"product_cat-desarrollo-personal","7":"product_publisher-ebook-y-pdf","9":"first","10":"instock","11":"sale","12":"downloadable","13":"virtual","14":"taxable","15":"purchasable","16":"product-type-simple"},"_links":{"self":[{"href":"https:\/\/www.tiendamartinarevalo.com\/en\/wp-json\/wp\/v2\/product\/4555","targetHints":{"allow":["GET"]}}],"collection":[{"href":"https:\/\/www.tiendamartinarevalo.com\/en\/wp-json\/wp\/v2\/product"}],"about":[{"href":"https:\/\/www.tiendamartinarevalo.com\/en\/wp-json\/wp\/v2\/types\/product"}],"replies":[{"embeddable":true,"href":"https:\/\/www.tiendamartinarevalo.com\/en\/wp-json\/wp\/v2\/comments?post=4555"}],"version-history":[{"count":1,"href":"https:\/\/www.tiendamartinarevalo.com\/en\/wp-json\/wp\/v2\/product\/4555\/revisions"}],"predecessor-version":[{"id":4558,"href":"https:\/\/www.tiendamartinarevalo.com\/en\/wp-json\/wp\/v2\/product\/4555\/revisions\/4558"}],"wp:featuredmedia":[{"embeddable":true,"href":"https:\/\/www.tiendamartinarevalo.com\/en\/wp-json\/wp\/v2\/media\/4557"}],"wp:attachment":[{"href":"https:\/\/www.tiendamartinarevalo.com\/en\/wp-json\/wp\/v2\/media?parent=4555"}],"wp:term":[{"taxonomy":"product_brand","embeddable":true,"href":"https:\/\/www.tiendamartinarevalo.com\/en\/wp-json\/wp\/v2\/product_brand?post=4555"},{"taxonomy":"product_cat","embeddable":true,"href":"https:\/\/www.tiendamartinarevalo.com\/en\/wp-json\/wp\/v2\/product_cat?post=4555"},{"taxonomy":"product_tag","embeddable":true,"href":"https:\/\/www.tiendamartinarevalo.com\/en\/wp-json\/wp\/v2\/product_tag?post=4555"},{"taxonomy":"product_publisher","embeddable":true,"href":"https:\/\/www.tiendamartinarevalo.com\/en\/wp-json\/wp\/v2\/product_publisher?post=4555"}],"curies":[{"name":"wp","href":"https:\/\/api.w.org\/{rel}","templated":true}]}}