{"id":4484,"date":"2025-04-17T14:16:29","date_gmt":"2025-04-17T12:16:29","guid":{"rendered":"https:\/\/www.tiendamartinarevalo.com\/?post_type=product&#038;p=4484"},"modified":"2025-09-16T17:19:23","modified_gmt":"2025-09-16T15:19:23","slug":"4484","status":"publish","type":"product","link":"https:\/\/www.tiendamartinarevalo.com\/en\/product\/4484\/","title":{"rendered":"VENDE CON ALMA EL SECRETO DE LAS VENTAS ERES TU"},"content":{"rendered":"<p>Vender con alma: el arte de tocar corazones sin perder el tuyo<\/p>\n<p>&nbsp;<\/p>\n<p>Durante muchos a\u00f1os me form\u00e9, trabaj\u00e9, escuch\u00e9 y observ\u00e9. Vi vendedores brillantes quemarse por dentro. Vi gente buena vendi\u00e9ndose mal. Vi talentos escondidos detr\u00e1s de la ansiedad.<\/p>\n<p>Y tambi\u00e9n vi momentos de luz: un gesto, una mirada, una frase que no buscaba cerrar una venta, sino abrir un v\u00ednculo.<\/p>\n<p>&nbsp;<\/p>\n<p>Fue entonces cuando entend\u00ed que vender no es solo ofrecer algo.<\/p>\n<p>Vender es ofrecerse.<\/p>\n<p>Y que un buen vendedor no es quien convence\u2026 sino quien conecta.<\/p>\n<p>No es quien empuja\u2026 sino quien acompa\u00f1a.<\/p>\n<p>No es quien se adapta al mercado\u2026 sino quien permanece fiel a s\u00ed mismo en medio de \u00e9l.<\/p>\n<p>&nbsp;<\/p>\n<p>Este libro nace de esa mirada.<\/p>\n<p>&nbsp;<\/p>\n<p>Aqu\u00ed no encontrar\u00e1s f\u00f3rmulas m\u00e1gicas, ni atajos para manipular.<\/p>\n<p>Encontrar\u00e1s algo m\u00e1s profundo: 30 leyes nacidas de la experiencia, la observaci\u00f3n, el alma y la piel.<\/p>\n<p>Leyes que no se aprenden en una pizarra, pero que se sienten en la vida.<\/p>\n<p>Leyes que no buscan decirte qu\u00e9 hacer, sino ayudarte a recordar qui\u00e9n eres cuando vendes desde tu verdad.<\/p>\n<p>&nbsp;<\/p>\n<p>He escrito estas l\u00edneas como quien siembra: sin saber exactamente cu\u00e1ndo florecer\u00e1n, pero con la certeza de que, si tocan un coraz\u00f3n, habr\u00e1n cumplido su prop\u00f3sito.<\/p>\n<p>&nbsp;<\/p>\n<p>Porque al final, vender con alma no es una t\u00e9cnica.<\/p>\n<p>Es una forma de estar en el mundo.<\/p>\n<p>Una manera de cuidar al otro\u2026 sin dejar de cuidarte a ti.<\/p>\n<p>&nbsp;<\/p>\n<p>Si alguna de estas leyes te ayuda a vender mejor, me alegrar\u00e9.<\/p>\n<p>Pero si alguna de ellas te ayuda a vivir mejor lo que haces cada d\u00eda\u2026 entonces sabr\u00e9 que vali\u00f3 la pena escribirlas.<\/p>\n<p>&nbsp;<\/p>\n<p>Gracias por estar aqu\u00ed.<\/p>\n<p>Gracias por querer vender sin perderte.<\/p>\n<p>Gracias por creer que a\u00fan es posible hacer negocios con humanidad.<\/p>\n<p>&nbsp;<\/p>\n<p>\u2014 Mart\u00edn<\/p>\n","protected":false},"excerpt":{"rendered":"<p>Vender con alma: el arte de tocar corazones sin perder el tuyo<\/p>\n<p>&nbsp;<\/p>\n<p>Durante muchos a\u00f1os me form\u00e9, trabaj\u00e9, escuch\u00e9 y observ\u00e9. Vi vendedores brillantes quemarse por dentro. Vi gente buena vendi\u00e9ndose mal. Vi talentos escondidos detr\u00e1s de la ansiedad.<\/p>\n<p>Y tambi\u00e9n vi momentos de luz: un gesto, una mirada, una frase que no buscaba cerrar una venta, sino abrir un v\u00ednculo.<\/p>\n<p>&nbsp;<\/p>\n<p>Fue entonces cuando entend\u00ed que vender no es solo ofrecer algo.<\/p>\n<p>Vender es ofrecerse.<\/p>\n<p>Y que un buen vendedor no es quien convence\u2026 sino quien conecta.<\/p>\n<p>No es quien empuja\u2026 sino quien acompa\u00f1a.<\/p>\n<p>No es quien se adapta al mercado\u2026 sino quien permanece fiel a s\u00ed mismo en medio de \u00e9l.<\/p>\n<p>&nbsp;<\/p>\n<p>Este libro nace de esa mirada.<\/p>\n<p>&nbsp;<\/p>\n<p>Aqu\u00ed no encontrar\u00e1s f\u00f3rmulas m\u00e1gicas, ni atajos para manipular.<\/p>\n<p>Encontrar\u00e1s algo m\u00e1s profundo: 30 leyes nacidas de la experiencia, la observaci\u00f3n, el alma y la piel.<\/p>\n<p>Leyes que no se aprenden en una pizarra, pero que se sienten en la vida.<\/p>\n<p>Leyes que no buscan decirte qu\u00e9 hacer, sino ayudarte a recordar qui\u00e9n eres cuando vendes desde tu verdad.<\/p>\n<p>&nbsp;<\/p>\n<p>He escrito estas l\u00edneas como quien siembra: sin saber exactamente cu\u00e1ndo florecer\u00e1n, pero con la certeza de que, si tocan un coraz\u00f3n, habr\u00e1n cumplido su prop\u00f3sito.<\/p>\n<p>&nbsp;<\/p>\n<p>Porque al final, vender con alma no es una t\u00e9cnica.<\/p>\n<p>Es una forma de estar en el mundo.<\/p>\n<p>Una manera de cuidar al otro\u2026 sin dejar de cuidarte a ti.<\/p>\n<p>&nbsp;<\/p>\n<p>Si alguna de estas leyes te ayuda a vender mejor, me alegrar\u00e9.<\/p>\n<p>Pero si alguna de ellas te ayuda a vivir mejor lo que haces cada d\u00eda\u2026 entonces sabr\u00e9 que vali\u00f3 la pena escribirlas.<\/p>\n<p>&nbsp;<\/p>\n<p>Gracias por estar aqu\u00ed.<\/p>\n<p>Gracias por querer vender sin perderte.<\/p>\n<p>Gracias por creer que a\u00fan es posible hacer negocios con humanidad.<\/p>\n<p>&nbsp;<\/p>\n<p>\u2014 Mart\u00edn<\/p>\n","protected":false},"featured_media":4485,"comment_status":"open","ping_status":"closed","template":"","meta":[],"product_brand":[],"product_cat":[46,83],"product_tag":[],"product_publisher":[84],"class_list":{"0":"post-4484","1":"product","2":"type-product","3":"status-publish","4":"has-post-thumbnail","6":"product_cat-emprendimiento-y-negocios","7":"product_cat-estrategias-de-exito","8":"product_publisher-ebook-y-pdf","10":"first","11":"instock","12":"sale","13":"downloadable","14":"virtual","15":"taxable","16":"purchasable","17":"product-type-simple"},"_links":{"self":[{"href":"https:\/\/www.tiendamartinarevalo.com\/en\/wp-json\/wp\/v2\/product\/4484","targetHints":{"allow":["GET"]}}],"collection":[{"href":"https:\/\/www.tiendamartinarevalo.com\/en\/wp-json\/wp\/v2\/product"}],"about":[{"href":"https:\/\/www.tiendamartinarevalo.com\/en\/wp-json\/wp\/v2\/types\/product"}],"replies":[{"embeddable":true,"href":"https:\/\/www.tiendamartinarevalo.com\/en\/wp-json\/wp\/v2\/comments?post=4484"}],"version-history":[{"count":2,"href":"https:\/\/www.tiendamartinarevalo.com\/en\/wp-json\/wp\/v2\/product\/4484\/revisions"}],"predecessor-version":[{"id":4488,"href":"https:\/\/www.tiendamartinarevalo.com\/en\/wp-json\/wp\/v2\/product\/4484\/revisions\/4488"}],"wp:featuredmedia":[{"embeddable":true,"href":"https:\/\/www.tiendamartinarevalo.com\/en\/wp-json\/wp\/v2\/media\/4485"}],"wp:attachment":[{"href":"https:\/\/www.tiendamartinarevalo.com\/en\/wp-json\/wp\/v2\/media?parent=4484"}],"wp:term":[{"taxonomy":"product_brand","embeddable":true,"href":"https:\/\/www.tiendamartinarevalo.com\/en\/wp-json\/wp\/v2\/product_brand?post=4484"},{"taxonomy":"product_cat","embeddable":true,"href":"https:\/\/www.tiendamartinarevalo.com\/en\/wp-json\/wp\/v2\/product_cat?post=4484"},{"taxonomy":"product_tag","embeddable":true,"href":"https:\/\/www.tiendamartinarevalo.com\/en\/wp-json\/wp\/v2\/product_tag?post=4484"},{"taxonomy":"product_publisher","embeddable":true,"href":"https:\/\/www.tiendamartinarevalo.com\/en\/wp-json\/wp\/v2\/product_publisher?post=4484"}],"curies":[{"name":"wp","href":"https:\/\/api.w.org\/{rel}","templated":true}]}}