{"id":4472,"date":"2025-04-17T14:11:23","date_gmt":"2025-04-17T12:11:23","guid":{"rendered":"https:\/\/www.tiendamartinarevalo.com\/?post_type=product&#038;p=4472"},"modified":"2025-09-16T17:19:08","modified_gmt":"2025-09-16T15:19:08","slug":"4472","status":"publish","type":"product","link":"https:\/\/www.tiendamartinarevalo.com\/en\/product\/4472\/","title":{"rendered":"LA MAGIA DE LA VENTA: Como conseguir clientes fan\u00e1ticos\u2026 y que sean ellos quienes te compren"},"content":{"rendered":"<p>Clientes que te eligen con el alma<\/p>\n<p>&nbsp;<\/p>\n<p>Durante a\u00f1os me pregunt\u00e9 cu\u00e1l era el secreto para vender sin sentir que me perd\u00eda en el intento.<\/p>\n<p>He probado t\u00e9cnicas, he le\u00eddo libros, he escuchado a grandes gur\u00fas de las ventas.<\/p>\n<p>Pero con el tiempo, entend\u00ed algo mucho m\u00e1s profundo:<\/p>\n<p>lo que hace que un cliente se quede no es la t\u00e9cnica\u2026 es la emoci\u00f3n.<\/p>\n<p>&nbsp;<\/p>\n<p>Este no es un manual para perseguir clientes.<\/p>\n<p>Es una invitaci\u00f3n a dejar de correr y empezar a atraer.<\/p>\n<p>Es un camino para convertir una venta en un v\u00ednculo.<\/p>\n<p>Un cliente satisfecho en un fan\u00e1tico de tu marca, de tu energ\u00eda, de tu forma de estar en el mundo.<\/p>\n<p>&nbsp;<\/p>\n<p>He escrito estas claves como se siembra:<\/p>\n<p>con cuidado, con verdad, y con la esperanza de que florezcan en ti.<\/p>\n<p>Porque t\u00fa no necesitas m\u00e1s f\u00f3rmulas.<\/p>\n<p>Necesitas volver a creer en lo que haces.<\/p>\n<p>Y mostrarlo con alma.<\/p>\n<p>&nbsp;<\/p>\n<p>Aqu\u00ed encontrar\u00e1s 15 claves para dejar de vender desde el esfuerzo\u2026<\/p>\n<p>y empezar a construir relaciones que perduran.<\/p>\n<p>No desde la necesidad.<\/p>\n<p>Desde la presencia.<\/p>\n<p>&nbsp;<\/p>\n<p>Si alguna de estas ideas logra inspirarte, emocionarte, o recordarte qui\u00e9n eres de verdad\u2026 entonces este libro ya habr\u00e1 cumplido su prop\u00f3sito.<\/p>\n<p>&nbsp;<\/p>\n<p>Gracias por estar aqu\u00ed.<\/p>\n<p>Gracias por creer que se puede vender con el coraz\u00f3n abierto.<\/p>\n<p>Gracias por demostrar que, en este mundo apresurado, a\u00fan hay espacio para lo humano.<\/p>\n<p>&nbsp;<\/p>\n<p>Mart\u00edn<\/p>\n","protected":false},"excerpt":{"rendered":"<p>Clientes que te eligen con el alma<\/p>\n<p>&nbsp;<\/p>\n<p>Durante a\u00f1os me pregunt\u00e9 cu\u00e1l era el secreto para vender sin sentir que me perd\u00eda en el intento.<\/p>\n<p>He probado t\u00e9cnicas, he le\u00eddo libros, he escuchado a grandes gur\u00fas de las ventas.<\/p>\n<p>Pero con el tiempo, entend\u00ed algo mucho m\u00e1s profundo:<\/p>\n<p>lo que hace que un cliente se quede no es la t\u00e9cnica\u2026 es la emoci\u00f3n.<\/p>\n<p>&nbsp;<\/p>\n<p>Este no es un manual para perseguir clientes.<\/p>\n<p>Es una invitaci\u00f3n a dejar de correr y empezar a atraer.<\/p>\n<p>Es un camino para convertir una venta en un v\u00ednculo.<\/p>\n<p>Un cliente satisfecho en un fan\u00e1tico de tu marca, de tu energ\u00eda, de tu forma de estar en el mundo.<\/p>\n<p>&nbsp;<\/p>\n<p>He escrito estas claves como se siembra:<\/p>\n<p>con cuidado, con verdad, y con la esperanza de que florezcan en ti.<\/p>\n<p>Porque t\u00fa no necesitas m\u00e1s f\u00f3rmulas.<\/p>\n<p>Necesitas volver a creer en lo que haces.<\/p>\n<p>Y mostrarlo con alma.<\/p>\n<p>&nbsp;<\/p>\n<p>Aqu\u00ed encontrar\u00e1s 15 claves para dejar de vender desde el esfuerzo\u2026<\/p>\n<p>y empezar a construir relaciones que perduran.<\/p>\n<p>No desde la necesidad.<\/p>\n<p>Desde la presencia.<\/p>\n<p>&nbsp;<\/p>\n<p>Si alguna de estas ideas logra inspirarte, emocionarte, o recordarte qui\u00e9n eres de verdad\u2026 entonces este libro ya habr\u00e1 cumplido su prop\u00f3sito.<\/p>\n<p>&nbsp;<\/p>\n<p>Gracias por estar aqu\u00ed.<\/p>\n<p>Gracias por creer que se puede vender con el coraz\u00f3n abierto.<\/p>\n<p>Gracias por demostrar que, en este mundo apresurado, a\u00fan hay espacio para lo humano.<\/p>\n<p>&nbsp;<\/p>\n<p>Mart\u00edn<\/p>\n","protected":false},"featured_media":4473,"comment_status":"open","ping_status":"closed","template":"","meta":[],"product_brand":[],"product_cat":[46,83],"product_tag":[],"product_publisher":[84],"class_list":{"0":"post-4472","1":"product","2":"type-product","3":"status-publish","4":"has-post-thumbnail","6":"product_cat-emprendimiento-y-negocios","7":"product_cat-estrategias-de-exito","8":"product_publisher-ebook-y-pdf","10":"first","11":"instock","12":"sale","13":"downloadable","14":"virtual","15":"taxable","16":"purchasable","17":"product-type-simple"},"_links":{"self":[{"href":"https:\/\/www.tiendamartinarevalo.com\/en\/wp-json\/wp\/v2\/product\/4472","targetHints":{"allow":["GET"]}}],"collection":[{"href":"https:\/\/www.tiendamartinarevalo.com\/en\/wp-json\/wp\/v2\/product"}],"about":[{"href":"https:\/\/www.tiendamartinarevalo.com\/en\/wp-json\/wp\/v2\/types\/product"}],"replies":[{"embeddable":true,"href":"https:\/\/www.tiendamartinarevalo.com\/en\/wp-json\/wp\/v2\/comments?post=4472"}],"version-history":[{"count":3,"href":"https:\/\/www.tiendamartinarevalo.com\/en\/wp-json\/wp\/v2\/product\/4472\/revisions"}],"predecessor-version":[{"id":4478,"href":"https:\/\/www.tiendamartinarevalo.com\/en\/wp-json\/wp\/v2\/product\/4472\/revisions\/4478"}],"wp:featuredmedia":[{"embeddable":true,"href":"https:\/\/www.tiendamartinarevalo.com\/en\/wp-json\/wp\/v2\/media\/4473"}],"wp:attachment":[{"href":"https:\/\/www.tiendamartinarevalo.com\/en\/wp-json\/wp\/v2\/media?parent=4472"}],"wp:term":[{"taxonomy":"product_brand","embeddable":true,"href":"https:\/\/www.tiendamartinarevalo.com\/en\/wp-json\/wp\/v2\/product_brand?post=4472"},{"taxonomy":"product_cat","embeddable":true,"href":"https:\/\/www.tiendamartinarevalo.com\/en\/wp-json\/wp\/v2\/product_cat?post=4472"},{"taxonomy":"product_tag","embeddable":true,"href":"https:\/\/www.tiendamartinarevalo.com\/en\/wp-json\/wp\/v2\/product_tag?post=4472"},{"taxonomy":"product_publisher","embeddable":true,"href":"https:\/\/www.tiendamartinarevalo.com\/en\/wp-json\/wp\/v2\/product_publisher?post=4472"}],"curies":[{"name":"wp","href":"https:\/\/api.w.org\/{rel}","templated":true}]}}