{"id":4458,"date":"2025-04-11T13:40:09","date_gmt":"2025-04-11T11:40:09","guid":{"rendered":"https:\/\/www.tiendamartinarevalo.com\/?post_type=product&#038;p=4458"},"modified":"2025-09-12T23:49:09","modified_gmt":"2025-09-12T21:49:09","slug":"corazon-de-emociones","status":"publish","type":"product","link":"https:\/\/www.tiendamartinarevalo.com\/en\/product\/corazon-de-emociones\/","title":{"rendered":"Coraz\u00f3n de emociones"},"content":{"rendered":"<p>CORAZ\u00d3N DE EMOCIONES no es un t\u00edtulo, es una verdad.<\/p>\n<p>Es el mapa de lo que somos, lo que callamos, lo que sentimos cuando nadie nos ve.<\/p>\n<p>Porque en este mundo que nos invita a correr, a aparentar, a ser fuertes todo el tiempo yo sent\u00ed la necesidad de parar. De sentir. De mirar hacia dentro.<\/p>\n<p>Y lo que encontr\u00e9 fue un coraz\u00f3n lleno de emociones. A veces en calma, a veces hecho trizas. A veces tan lleno que dol\u00eda\u2026 y otras tan vac\u00edo que el silencio hac\u00eda eco.<\/p>\n<p>Este libro no pretende ense\u00f1arte nada. Pretende acompa\u00f1arte.<\/p>\n<p>No viene con respuestas, sino con preguntas que quiz\u00e1 tambi\u00e9n habitan en ti.<\/p>\n<p>\u00bfQu\u00e9 hacemos con el miedo cuando aprieta?<\/p>\n<p>\u00bfC\u00f3mo se abraza la tristeza sin que nos arrastre?<\/p>\n<p>\u00bfD\u00f3nde se esconde la alegr\u00eda cuando parece haberse ido para siempre?<\/p>\n<p>\u00bfEs posible amar sin perderse?<\/p>\n<p>\u00bfY c\u00f3mo se perdona uno mismo sin dejarse de querer?<\/p>\n<p>&nbsp;<\/p>\n<p>Verso a verso, palabra a palabra, fui escribiendo este coraz\u00f3n\u2026 a ratos con tinta, a ratos con l\u00e1grimas.<\/p>\n<p>Porque escribir no fue un acto literario, fue un acto de supervivencia.<\/p>\n<p>Y compartirlo, cr\u00e9eme, es un acto de amor.<\/p>\n<p>&nbsp;<\/p>\n<p>Este libro no est\u00e1 hecho para leer de un tir\u00f3n.<\/p>\n<p>Est\u00e1 hecho para volver a \u00e9l cuando lo necesites.<\/p>\n<p>Para dejarlo abierto sobre la mesita de noche.<\/p>\n<p>Para subrayarlo, para llorarlo, para abrazarlo.<\/p>\n<p>Porque no habla solo de m\u00ed. Habla de ti.<\/p>\n<p>De lo que sentimos cuando nos caemos y cuando nos levantamos.<\/p>\n<p>De ese milagro cotidiano que es sentir, aunque a veces duela.<\/p>\n<p>&nbsp;<\/p>\n<p>Ojal\u00e1 encuentres aqu\u00ed palabras que te acaricien.<\/p>\n<p>Versos que te reconcilien contigo.<\/p>\n<p>Y silencios que te abracen fuerte, cuando no sepas c\u00f3mo seguir.<\/p>\n<p>&nbsp;<\/p>\n<p>Porque al final, querido lector, querida lectora<\/p>\n<p>somos eso:<\/p>\n<p>un coraz\u00f3n lleno de emociones que busca latir con sentido.<\/p>\n<p>Y este libro, simplemente, quiere record\u00e1rtelo.<\/p>\n","protected":false},"excerpt":{"rendered":"<p>CORAZ\u00d3N DE EMOCIONES no es un t\u00edtulo, es una verdad. Es el mapa de lo que somos, lo que callamos, lo que sentimos cuando nadie nos ve. Porque en este mundo que nos invita a correr, a aparentar, a ser fuertes todo el tiempo yo sent\u00ed la necesidad de parar. De sentir. De mirar hacia [&hellip;]<\/p>\n","protected":false},"featured_media":4459,"comment_status":"open","ping_status":"closed","template":"","meta":[],"product_brand":[],"product_cat":[53],"product_tag":[],"product_publisher":[84],"class_list":{"0":"post-4458","1":"product","2":"type-product","3":"status-publish","4":"has-post-thumbnail","6":"product_cat-desarrollo-personal","7":"product_publisher-ebook-y-pdf","9":"first","10":"instock","11":"sale","12":"downloadable","13":"virtual","14":"taxable","15":"purchasable","16":"product-type-simple"},"_links":{"self":[{"href":"https:\/\/www.tiendamartinarevalo.com\/en\/wp-json\/wp\/v2\/product\/4458","targetHints":{"allow":["GET"]}}],"collection":[{"href":"https:\/\/www.tiendamartinarevalo.com\/en\/wp-json\/wp\/v2\/product"}],"about":[{"href":"https:\/\/www.tiendamartinarevalo.com\/en\/wp-json\/wp\/v2\/types\/product"}],"replies":[{"embeddable":true,"href":"https:\/\/www.tiendamartinarevalo.com\/en\/wp-json\/wp\/v2\/comments?post=4458"}],"version-history":[{"count":1,"href":"https:\/\/www.tiendamartinarevalo.com\/en\/wp-json\/wp\/v2\/product\/4458\/revisions"}],"predecessor-version":[{"id":4461,"href":"https:\/\/www.tiendamartinarevalo.com\/en\/wp-json\/wp\/v2\/product\/4458\/revisions\/4461"}],"wp:featuredmedia":[{"embeddable":true,"href":"https:\/\/www.tiendamartinarevalo.com\/en\/wp-json\/wp\/v2\/media\/4459"}],"wp:attachment":[{"href":"https:\/\/www.tiendamartinarevalo.com\/en\/wp-json\/wp\/v2\/media?parent=4458"}],"wp:term":[{"taxonomy":"product_brand","embeddable":true,"href":"https:\/\/www.tiendamartinarevalo.com\/en\/wp-json\/wp\/v2\/product_brand?post=4458"},{"taxonomy":"product_cat","embeddable":true,"href":"https:\/\/www.tiendamartinarevalo.com\/en\/wp-json\/wp\/v2\/product_cat?post=4458"},{"taxonomy":"product_tag","embeddable":true,"href":"https:\/\/www.tiendamartinarevalo.com\/en\/wp-json\/wp\/v2\/product_tag?post=4458"},{"taxonomy":"product_publisher","embeddable":true,"href":"https:\/\/www.tiendamartinarevalo.com\/en\/wp-json\/wp\/v2\/product_publisher?post=4458"}],"curies":[{"name":"wp","href":"https:\/\/api.w.org\/{rel}","templated":true}]}}