{"id":4454,"date":"2025-04-11T13:38:53","date_gmt":"2025-04-11T11:38:53","guid":{"rendered":"https:\/\/www.tiendamartinarevalo.com\/?post_type=product&#038;p=4454"},"modified":"2025-09-16T17:20:56","modified_gmt":"2025-09-16T15:20:56","slug":"donde-habita-el-alma","status":"publish","type":"product","link":"https:\/\/www.tiendamartinarevalo.com\/en\/product\/donde-habita-el-alma\/","title":{"rendered":"Donde habita el alma."},"content":{"rendered":"<p><strong>Donde habita el alma. Letras para no rendirse<\/strong><\/p>\n<p><strong>\u00a0<\/strong><\/p>\n<p>Hay momentos en los que la vida se vuelve cuesta arriba.<\/p>\n<p>Instantes en los que la luz se apaga un poco por dentro.<\/p>\n<p>\u00c9pocas en las que uno siente que no puede m\u00e1s, pero aun as\u00ed sigue, aunque sea arrastrando el alma.<\/p>\n<p>&nbsp;<\/p>\n<p>Este libro naci\u00f3 en uno de esos momentos.<\/p>\n<p>No como una respuesta, ni como una lecci\u00f3n. Sino como un susurro.<\/p>\n<p>Como una forma de recordarme \u2014y recordarte\u2014 que siempre hay un lugar donde volver.<\/p>\n<p>Un rinc\u00f3n dentro de nosotros donde a\u00fan late la esperanza.<\/p>\n<p>Ese lugar, donde habita el alma.<\/p>\n<p>&nbsp;<\/p>\n<p>Aqu\u00ed no hay soluciones m\u00e1gicas ni frases perfectas.<\/p>\n<p>Lo que encontrar\u00e1s son letras vividas, emociones desnudas, palabras que nacieron cuando el pecho pesaba demasiado y el coraz\u00f3n segu\u00eda luchando en silencio.<\/p>\n<p>Escrib\u00ed cada l\u00ednea como quien respira profundo para no rendirse, como quien acaricia su propia herida y le dice: &#8220;aqu\u00ed estoy no te dejo sola&#8221;.<\/p>\n<p>&nbsp;<\/p>\n<p>Este libro es para los que han ca\u00eddo y han decidido levantarse.<\/p>\n<p>Para los que no encuentran respuestas, pero no dejan de preguntar.<\/p>\n<p>Para los que siguen amando, aunque les hayan roto mil veces.<\/p>\n<p>Para los que han llorado, pero siguen caminando.<\/p>\n<p>Para ti, que est\u00e1s leyendo esto y a\u00fan llevas fuego dentro.<\/p>\n<p>&nbsp;<\/p>\n<p>Ojal\u00e1 estas letras no sean solo lectura.<\/p>\n<p>Ojal\u00e1 sean abrigo, impulso, aliento.<\/p>\n<p>Ojal\u00e1 encuentres en alguna de estas p\u00e1ginas el valor para seguir y la ternura para no exigirte tanto mientras lo haces.<\/p>\n<p>&nbsp;<\/p>\n<p>Porque cuando la mente duda, cuando el cuerpo no puede m\u00e1s, hay un lugar que nunca se rinde: el alma.<\/p>\n<p>Y este libro est\u00e1 escrito justo desde ah\u00ed.<\/p>\n<p>&nbsp;<\/p>\n<p>Con todo lo que soy,<\/p>\n<p>Mart\u00edn<\/p>\n","protected":false},"excerpt":{"rendered":"<p>Donde habita el alma. Letras para no rendirse \u00a0 Hay momentos en los que la vida se vuelve cuesta arriba. Instantes en los que la luz se apaga un poco por dentro. \u00c9pocas en las que uno siente que no puede m\u00e1s, pero aun as\u00ed sigue, aunque sea arrastrando el alma. &nbsp; Este libro naci\u00f3 [&hellip;]<\/p>\n","protected":false},"featured_media":4455,"comment_status":"open","ping_status":"closed","template":"","meta":[],"product_brand":[],"product_cat":[53],"product_tag":[],"product_publisher":[],"class_list":{"0":"post-4454","1":"product","2":"type-product","3":"status-publish","4":"has-post-thumbnail","6":"product_cat-desarrollo-personal","8":"first","9":"instock","10":"sale","11":"downloadable","12":"virtual","13":"taxable","14":"purchasable","15":"product-type-simple"},"_links":{"self":[{"href":"https:\/\/www.tiendamartinarevalo.com\/en\/wp-json\/wp\/v2\/product\/4454","targetHints":{"allow":["GET"]}}],"collection":[{"href":"https:\/\/www.tiendamartinarevalo.com\/en\/wp-json\/wp\/v2\/product"}],"about":[{"href":"https:\/\/www.tiendamartinarevalo.com\/en\/wp-json\/wp\/v2\/types\/product"}],"replies":[{"embeddable":true,"href":"https:\/\/www.tiendamartinarevalo.com\/en\/wp-json\/wp\/v2\/comments?post=4454"}],"version-history":[{"count":1,"href":"https:\/\/www.tiendamartinarevalo.com\/en\/wp-json\/wp\/v2\/product\/4454\/revisions"}],"predecessor-version":[{"id":4457,"href":"https:\/\/www.tiendamartinarevalo.com\/en\/wp-json\/wp\/v2\/product\/4454\/revisions\/4457"}],"wp:featuredmedia":[{"embeddable":true,"href":"https:\/\/www.tiendamartinarevalo.com\/en\/wp-json\/wp\/v2\/media\/4455"}],"wp:attachment":[{"href":"https:\/\/www.tiendamartinarevalo.com\/en\/wp-json\/wp\/v2\/media?parent=4454"}],"wp:term":[{"taxonomy":"product_brand","embeddable":true,"href":"https:\/\/www.tiendamartinarevalo.com\/en\/wp-json\/wp\/v2\/product_brand?post=4454"},{"taxonomy":"product_cat","embeddable":true,"href":"https:\/\/www.tiendamartinarevalo.com\/en\/wp-json\/wp\/v2\/product_cat?post=4454"},{"taxonomy":"product_tag","embeddable":true,"href":"https:\/\/www.tiendamartinarevalo.com\/en\/wp-json\/wp\/v2\/product_tag?post=4454"},{"taxonomy":"product_publisher","embeddable":true,"href":"https:\/\/www.tiendamartinarevalo.com\/en\/wp-json\/wp\/v2\/product_publisher?post=4454"}],"curies":[{"name":"wp","href":"https:\/\/api.w.org\/{rel}","templated":true}]}}