{"id":4450,"date":"2025-04-11T13:36:35","date_gmt":"2025-04-11T11:36:35","guid":{"rendered":"https:\/\/www.tiendamartinarevalo.com\/?post_type=product&#038;p=4450"},"modified":"2025-09-12T08:27:51","modified_gmt":"2025-09-12T06:27:51","slug":"escucha-tu-corazon-bailar-aunque-duela","status":"publish","type":"product","link":"https:\/\/www.tiendamartinarevalo.com\/en\/product\/escucha-tu-corazon-bailar-aunque-duela\/","title":{"rendered":"Escucha tu coraz\u00f3n Bailar, aunque duela."},"content":{"rendered":"<p>Escucha tu coraz\u00f3n no es solo un consejo que alguna vez alguien me dio es una invitaci\u00f3n que la vida me repite cada vez que me pierdo, que dudo, que caigo.<\/p>\n<p>Este libro nace de muchas noches en silencio, de momentos en los que dol\u00eda respirar, pero tambi\u00e9n de peque\u00f1os instantes de luz donde entend\u00ed que el coraz\u00f3n, incluso roto, sigue teniendo ritmo.<\/p>\n<p>No escrib\u00ed estos versos para hacer poes\u00eda. Los escrib\u00ed para no olvidarme de m\u00ed. Para seguir bailando, aunque duela.<\/p>\n<p>Si algo de lo que aqu\u00ed lees te acaricia el alma, entonces vali\u00f3 la pena desnudarla.<\/p>\n<p>Porque todos merecemos volver a nosotros.<\/p>\n<p>Y t\u00fa, tambi\u00e9n.<\/p>\n","protected":false},"excerpt":{"rendered":"<p>Escucha tu coraz\u00f3n no es solo un consejo que alguna vez alguien me dio es una invitaci\u00f3n que la vida me repite cada vez que me pierdo, que dudo, que caigo. Este libro nace de muchas noches en silencio, de momentos en los que dol\u00eda respirar, pero tambi\u00e9n de peque\u00f1os instantes de luz donde entend\u00ed [&hellip;]<\/p>\n","protected":false},"featured_media":4451,"comment_status":"open","ping_status":"closed","template":"","meta":[],"product_brand":[],"product_cat":[53],"product_tag":[],"product_publisher":[84],"class_list":{"0":"post-4450","1":"product","2":"type-product","3":"status-publish","4":"has-post-thumbnail","6":"product_cat-desarrollo-personal","7":"product_publisher-ebook-y-pdf","9":"first","10":"instock","11":"sale","12":"downloadable","13":"virtual","14":"taxable","15":"purchasable","16":"product-type-simple"},"_links":{"self":[{"href":"https:\/\/www.tiendamartinarevalo.com\/en\/wp-json\/wp\/v2\/product\/4450","targetHints":{"allow":["GET"]}}],"collection":[{"href":"https:\/\/www.tiendamartinarevalo.com\/en\/wp-json\/wp\/v2\/product"}],"about":[{"href":"https:\/\/www.tiendamartinarevalo.com\/en\/wp-json\/wp\/v2\/types\/product"}],"replies":[{"embeddable":true,"href":"https:\/\/www.tiendamartinarevalo.com\/en\/wp-json\/wp\/v2\/comments?post=4450"}],"version-history":[{"count":1,"href":"https:\/\/www.tiendamartinarevalo.com\/en\/wp-json\/wp\/v2\/product\/4450\/revisions"}],"predecessor-version":[{"id":4453,"href":"https:\/\/www.tiendamartinarevalo.com\/en\/wp-json\/wp\/v2\/product\/4450\/revisions\/4453"}],"wp:featuredmedia":[{"embeddable":true,"href":"https:\/\/www.tiendamartinarevalo.com\/en\/wp-json\/wp\/v2\/media\/4451"}],"wp:attachment":[{"href":"https:\/\/www.tiendamartinarevalo.com\/en\/wp-json\/wp\/v2\/media?parent=4450"}],"wp:term":[{"taxonomy":"product_brand","embeddable":true,"href":"https:\/\/www.tiendamartinarevalo.com\/en\/wp-json\/wp\/v2\/product_brand?post=4450"},{"taxonomy":"product_cat","embeddable":true,"href":"https:\/\/www.tiendamartinarevalo.com\/en\/wp-json\/wp\/v2\/product_cat?post=4450"},{"taxonomy":"product_tag","embeddable":true,"href":"https:\/\/www.tiendamartinarevalo.com\/en\/wp-json\/wp\/v2\/product_tag?post=4450"},{"taxonomy":"product_publisher","embeddable":true,"href":"https:\/\/www.tiendamartinarevalo.com\/en\/wp-json\/wp\/v2\/product_publisher?post=4450"}],"curies":[{"name":"wp","href":"https:\/\/api.w.org\/{rel}","templated":true}]}}