{"id":4446,"date":"2025-04-11T13:34:24","date_gmt":"2025-04-11T11:34:24","guid":{"rendered":"https:\/\/www.tiendamartinarevalo.com\/?post_type=product&#038;p=4446"},"modified":"2025-09-16T17:21:11","modified_gmt":"2025-09-16T15:21:11","slug":"latidos-y-emociones-de-papel","status":"publish","type":"product","link":"https:\/\/www.tiendamartinarevalo.com\/en\/product\/latidos-y-emociones-de-papel\/","title":{"rendered":"Latidos y emociones de papel."},"content":{"rendered":"<p>Latidos de papel<\/p>\n<p>&nbsp;<\/p>\n<p>Hay palabras que no se escriben: se sienten.<\/p>\n<p>Hay versos que no se piensan: se derraman.<\/p>\n<p>Y hay libros que no se planean: nacen.<\/p>\n<p>Este libro es uno de esos.<\/p>\n<p>&nbsp;<\/p>\n<p>Latidos de papel es exactamente eso: el sonido sutil y verdadero de un coraz\u00f3n que ha aprendido a hablar en silencio. Cada p\u00e1gina es un pulso, una emoci\u00f3n que quiso quedarse, un trocito de alma que se asom\u00f3 a la superficie para no olvidar lo vivido.<\/p>\n<p>&nbsp;<\/p>\n<p>No s\u00e9 si son poemas, pensamientos, suspiros o cicatrices con forma de letra. Lo que s\u00ed s\u00e9 es que cada uno de estos versos fue escrito cuando el alma no cab\u00eda dentro del pecho. Cuando dol\u00eda, cuando amaba, cuando extra\u00f1aba, cuando se romp\u00eda\u2026 o cuando simplemente necesitaba decir algo que no pod\u00eda decirse de otro modo que no fuera as\u00ed: con tinta y piel.<\/p>\n<p>&nbsp;<\/p>\n<p>Hay d\u00edas en los que uno escribe para no llorar. Otros, para llorar tranquilo. Y hay d\u00edas en los que uno escribe porque si no lo hace, se le apaga el alma. As\u00ed naci\u00f3 este libro: de momentos como esos. De noches largas, de abrazos que no llegaron, de encuentros que dejaron huella, de silencios que dijeron m\u00e1s que las palabras. Y tambi\u00e9n, de instantes de paz, de amor verdadero, de ternura que cura.<\/p>\n<p>&nbsp;<\/p>\n<p>No busques en estas p\u00e1ginas un orden. No lo tienen. Porque la emoci\u00f3n no se organiza, se siente. Lee lo que te llame. Detente donde el coraz\u00f3n te pida pausa. Regresa cuando necesites volver.<\/p>\n<p>&nbsp;<\/p>\n<p>Ojal\u00e1 encuentres en estas letras algo que te arrope.<\/p>\n<p>Ojal\u00e1 alg\u00fan verso te abrace justo donde te hace falta.<\/p>\n<p>Y si alguna palabra logra acompa\u00f1arte, aunque sea un poquito\u2026 entonces todo esto habr\u00e1 tenido sentido.<\/p>\n<p>&nbsp;<\/p>\n<p>Gracias por estar aqu\u00ed. Gracias por leer con el alma.<\/p>\n<p>Gracias por dejarme dejarte un pedacito de la m\u00eda, en este libro lleno de latidos de papel.<\/p>\n<p>&nbsp;<\/p>\n<p>Con todo mi coraz\u00f3n,<\/p>\n<p>Mart\u00edn<\/p>\n","protected":false},"excerpt":{"rendered":"<p>Latidos de papel &nbsp; Hay palabras que no se escriben: se sienten. Hay versos que no se piensan: se derraman. Y hay libros que no se planean: nacen. Este libro es uno de esos. &nbsp; Latidos de papel es exactamente eso: el sonido sutil y verdadero de un coraz\u00f3n que ha aprendido a hablar en [&hellip;]<\/p>\n","protected":false},"featured_media":4447,"comment_status":"open","ping_status":"closed","template":"","meta":[],"product_brand":[],"product_cat":[53],"product_tag":[],"product_publisher":[84],"class_list":{"0":"post-4446","1":"product","2":"type-product","3":"status-publish","4":"has-post-thumbnail","6":"product_cat-desarrollo-personal","7":"product_publisher-ebook-y-pdf","9":"first","10":"instock","11":"downloadable","12":"virtual","13":"taxable","14":"product-type-simple"},"_links":{"self":[{"href":"https:\/\/www.tiendamartinarevalo.com\/en\/wp-json\/wp\/v2\/product\/4446","targetHints":{"allow":["GET"]}}],"collection":[{"href":"https:\/\/www.tiendamartinarevalo.com\/en\/wp-json\/wp\/v2\/product"}],"about":[{"href":"https:\/\/www.tiendamartinarevalo.com\/en\/wp-json\/wp\/v2\/types\/product"}],"replies":[{"embeddable":true,"href":"https:\/\/www.tiendamartinarevalo.com\/en\/wp-json\/wp\/v2\/comments?post=4446"}],"version-history":[{"count":1,"href":"https:\/\/www.tiendamartinarevalo.com\/en\/wp-json\/wp\/v2\/product\/4446\/revisions"}],"predecessor-version":[{"id":4449,"href":"https:\/\/www.tiendamartinarevalo.com\/en\/wp-json\/wp\/v2\/product\/4446\/revisions\/4449"}],"wp:featuredmedia":[{"embeddable":true,"href":"https:\/\/www.tiendamartinarevalo.com\/en\/wp-json\/wp\/v2\/media\/4447"}],"wp:attachment":[{"href":"https:\/\/www.tiendamartinarevalo.com\/en\/wp-json\/wp\/v2\/media?parent=4446"}],"wp:term":[{"taxonomy":"product_brand","embeddable":true,"href":"https:\/\/www.tiendamartinarevalo.com\/en\/wp-json\/wp\/v2\/product_brand?post=4446"},{"taxonomy":"product_cat","embeddable":true,"href":"https:\/\/www.tiendamartinarevalo.com\/en\/wp-json\/wp\/v2\/product_cat?post=4446"},{"taxonomy":"product_tag","embeddable":true,"href":"https:\/\/www.tiendamartinarevalo.com\/en\/wp-json\/wp\/v2\/product_tag?post=4446"},{"taxonomy":"product_publisher","embeddable":true,"href":"https:\/\/www.tiendamartinarevalo.com\/en\/wp-json\/wp\/v2\/product_publisher?post=4446"}],"curies":[{"name":"wp","href":"https:\/\/api.w.org\/{rel}","templated":true}]}}