{"id":4347,"date":"2025-03-25T13:16:38","date_gmt":"2025-03-25T12:16:38","guid":{"rendered":"https:\/\/www.tiendamartinarevalo.com\/?post_type=product&#038;p=4347"},"modified":"2025-09-12T23:48:54","modified_gmt":"2025-09-12T21:48:54","slug":"bonocoaching-personal","status":"publish","type":"product","link":"https:\/\/www.tiendamartinarevalo.com\/en\/product\/bonocoaching-personal\/","title":{"rendered":"Bono: Coaching Personal"},"content":{"rendered":"<p>Transformaci\u00f3n personal con enfoque en inteligencia emocional y desarrollo de h\u00e1bitos. Ideal para quienes buscan mejorar su autoestima, comunicaci\u00f3n y equilibrio vida-trabajo.<\/p>\n<p>&nbsp;<\/p>\n<ul>\n<li>Consultas ilimitadas durante las sesiones<\/li>\n<li>Materiales descargables exclusivos<\/li>\n<li>Garant\u00eda de satisfacci\u00f3n<\/li>\n<li>Acceso a recursos de la revista &#8216;Mej\u00f3rate'&#8221;<\/li>\n<\/ul>\n<p>\u00a1Regala crecimiento profesional! Este bono es canjeable por 12 meses desde su compra.<\/p>\n","protected":false},"excerpt":{"rendered":"<p>Transformaci\u00f3n personal con enfoque en inteligencia emocional y desarrollo de h\u00e1bitos. Ideal para quienes buscan mejorar su autoestima, comunicaci\u00f3n y equilibrio vida-trabajo.<\/p>\n","protected":false},"featured_media":4355,"comment_status":"open","ping_status":"closed","template":"","meta":[],"product_brand":[],"product_cat":[120],"product_tag":[],"product_publisher":[],"class_list":{"0":"post-4347","1":"product","2":"type-product","3":"status-publish","4":"has-post-thumbnail","6":"product_cat-bonos-de-sesiones","8":"first","9":"instock","10":"taxable","11":"shipping-taxable","12":"purchasable","13":"product-type-variable"},"_links":{"self":[{"href":"https:\/\/www.tiendamartinarevalo.com\/en\/wp-json\/wp\/v2\/product\/4347","targetHints":{"allow":["GET"]}}],"collection":[{"href":"https:\/\/www.tiendamartinarevalo.com\/en\/wp-json\/wp\/v2\/product"}],"about":[{"href":"https:\/\/www.tiendamartinarevalo.com\/en\/wp-json\/wp\/v2\/types\/product"}],"replies":[{"embeddable":true,"href":"https:\/\/www.tiendamartinarevalo.com\/en\/wp-json\/wp\/v2\/comments?post=4347"}],"version-history":[{"count":3,"href":"https:\/\/www.tiendamartinarevalo.com\/en\/wp-json\/wp\/v2\/product\/4347\/revisions"}],"predecessor-version":[{"id":4361,"href":"https:\/\/www.tiendamartinarevalo.com\/en\/wp-json\/wp\/v2\/product\/4347\/revisions\/4361"}],"wp:featuredmedia":[{"embeddable":true,"href":"https:\/\/www.tiendamartinarevalo.com\/en\/wp-json\/wp\/v2\/media\/4355"}],"wp:attachment":[{"href":"https:\/\/www.tiendamartinarevalo.com\/en\/wp-json\/wp\/v2\/media?parent=4347"}],"wp:term":[{"taxonomy":"product_brand","embeddable":true,"href":"https:\/\/www.tiendamartinarevalo.com\/en\/wp-json\/wp\/v2\/product_brand?post=4347"},{"taxonomy":"product_cat","embeddable":true,"href":"https:\/\/www.tiendamartinarevalo.com\/en\/wp-json\/wp\/v2\/product_cat?post=4347"},{"taxonomy":"product_tag","embeddable":true,"href":"https:\/\/www.tiendamartinarevalo.com\/en\/wp-json\/wp\/v2\/product_tag?post=4347"},{"taxonomy":"product_publisher","embeddable":true,"href":"https:\/\/www.tiendamartinarevalo.com\/en\/wp-json\/wp\/v2\/product_publisher?post=4347"}],"curies":[{"name":"wp","href":"https:\/\/api.w.org\/{rel}","templated":true}]}}