{"id":4327,"date":"2025-03-25T13:02:57","date_gmt":"2025-03-25T12:02:57","guid":{"rendered":"https:\/\/www.tiendamartinarevalo.com\/?post_type=product&#038;p=4327"},"modified":"2025-09-16T17:19:56","modified_gmt":"2025-09-16T15:19:56","slug":"bono-coaching-directivo","status":"publish","type":"product","link":"https:\/\/www.tiendamartinarevalo.com\/en\/product\/bono-coaching-directivo\/","title":{"rendered":"Bono: Coaching Directivo"},"content":{"rendered":"<p>Desarrolla habilidades de liderazgo con metodolog\u00edas probadas en m\u00e1s de 1,200 empresas. Perfecto para directivos que necesitan gestionar equipos complejos y tomar decisiones estrat\u00e9gicas.<\/p>\n<ul>\n<li>Consultas ilimitadas durante las sesiones<\/li>\n<li>Materiales descargables exclusivos<\/li>\n<li>Garant\u00eda de satisfacci\u00f3n<\/li>\n<li>Acceso a recursos de la revista &#8216;Mej\u00f3rate'&#8221;<\/li>\n<\/ul>\n<p>\u00a1Regala crecimiento profesional! Este bono es canjeable por 12 meses desde su compra.<\/p>\n","protected":false},"excerpt":{"rendered":"<p>Desarrolla habilidades de liderazgo con metodolog\u00edas probadas en m\u00e1s de 1,200 empresas. Perfecto para directivos que necesitan gestionar equipos complejos y tomar decisiones estrat\u00e9gicas.<\/p>\n<p>&nbsp;<\/p>\n<ul>\n<li>Consultas ilimitadas durante las sesiones<\/li>\n<li>Materiales descargables exclusivos<\/li>\n<li>Garant\u00eda de satisfacci\u00f3n<\/li>\n<li>Acceso a recursos de la revista &#8216;Mej\u00f3rate'&#8221;<\/li>\n<\/ul>\n<p>\u00a1Regala crecimiento profesional! Este bono es canjeable por 12 meses desde su compra.<\/p>\n","protected":false},"featured_media":4335,"comment_status":"open","ping_status":"closed","template":"","meta":[],"product_brand":[],"product_cat":[120],"product_tag":[],"product_publisher":[],"class_list":{"0":"post-4327","1":"product","2":"type-product","3":"status-publish","4":"has-post-thumbnail","6":"product_cat-bonos-de-sesiones","8":"first","9":"instock","10":"taxable","11":"shipping-taxable","12":"purchasable","13":"product-type-variable"},"_links":{"self":[{"href":"https:\/\/www.tiendamartinarevalo.com\/en\/wp-json\/wp\/v2\/product\/4327","targetHints":{"allow":["GET"]}}],"collection":[{"href":"https:\/\/www.tiendamartinarevalo.com\/en\/wp-json\/wp\/v2\/product"}],"about":[{"href":"https:\/\/www.tiendamartinarevalo.com\/en\/wp-json\/wp\/v2\/types\/product"}],"replies":[{"embeddable":true,"href":"https:\/\/www.tiendamartinarevalo.com\/en\/wp-json\/wp\/v2\/comments?post=4327"}],"version-history":[{"count":2,"href":"https:\/\/www.tiendamartinarevalo.com\/en\/wp-json\/wp\/v2\/product\/4327\/revisions"}],"predecessor-version":[{"id":4359,"href":"https:\/\/www.tiendamartinarevalo.com\/en\/wp-json\/wp\/v2\/product\/4327\/revisions\/4359"}],"wp:featuredmedia":[{"embeddable":true,"href":"https:\/\/www.tiendamartinarevalo.com\/en\/wp-json\/wp\/v2\/media\/4335"}],"wp:attachment":[{"href":"https:\/\/www.tiendamartinarevalo.com\/en\/wp-json\/wp\/v2\/media?parent=4327"}],"wp:term":[{"taxonomy":"product_brand","embeddable":true,"href":"https:\/\/www.tiendamartinarevalo.com\/en\/wp-json\/wp\/v2\/product_brand?post=4327"},{"taxonomy":"product_cat","embeddable":true,"href":"https:\/\/www.tiendamartinarevalo.com\/en\/wp-json\/wp\/v2\/product_cat?post=4327"},{"taxonomy":"product_tag","embeddable":true,"href":"https:\/\/www.tiendamartinarevalo.com\/en\/wp-json\/wp\/v2\/product_tag?post=4327"},{"taxonomy":"product_publisher","embeddable":true,"href":"https:\/\/www.tiendamartinarevalo.com\/en\/wp-json\/wp\/v2\/product_publisher?post=4327"}],"curies":[{"name":"wp","href":"https:\/\/api.w.org\/{rel}","templated":true}]}}