{"id":2204,"date":"2023-10-04T03:12:01","date_gmt":"2023-10-04T03:12:01","guid":{"rendered":"https:\/\/authore.g5plus.net\/product\/javascript-proof-of-work-ideas-copy\/"},"modified":"2025-08-11T11:52:21","modified_gmt":"2025-08-11T09:52:21","slug":"60-minutos-la-hora","status":"publish","type":"product","link":"https:\/\/www.tiendamartinarevalo.com\/en\/product\/60-minutos-la-hora\/","title":{"rendered":"A 60 minutos la hora"},"content":{"rendered":"","protected":false},"excerpt":{"rendered":"<p>\u00bfTe has preguntado por qu\u00e9 el tiempo nunca parece ser<br \/>\nsuficiente? \u00bfO c\u00f3mo el miedo y la procrastinaci\u00f3n te impiden<br \/>\nalcanzar tus metas? Domina tu Tiempo, Domina tu Vida es un<br \/>\nlibro que combina estrategias pr\u00e1cticas y reflexiones profundas<br \/>\npara ayudarte a Superar estos desaf\u00edos y tomar eI control de tu<br \/>\ntiempo y tus emociones.<\/p>\n<p>EI libro comienza abordando un tema fundamental: c\u00f3mo no<br \/>\ntener miedo al miedo. Aprender\u00e1s a enfrentar tus temores y a<br \/>\nusarlos Como impulsores de cambio. Luego, se adentra en la<br \/>\ngesti\u00f3n efectiva del tiempo, explorando preguntas clave como<br \/>\n\u00bfusamos eficazmente el tiempo? y c\u00f3mo identificar y eliminar a<br \/>\nlos ladrones de tiempo. Descubrir\u00e1s herramientas como eI c\u00edrculo<br \/>\ndel tiempo, las leyes de la gesti\u00f3n del tiempo y c\u00f3mo establecer<br \/>\nprioridades para enfocarte en 10 que realmente importa.<br \/>\nCon un enfoque pr\u00e1ctico, el libro te guiar\u00e1 en la creaci\u00f3n de un<br \/>\nsistema de planeaci\u00f3n y gesti\u00f3n del tiempo, incluyendo la<br \/>\nimportancia de escribir tus metas y usar dietarios. Aprender\u00e1s a<br \/>\ndelegar eficazmente, a manejar interrupciones y a organizar<br \/>\nreuniones productivas siguiendo sus fases clave. Adem\u00e1s,<br \/>\nexplorar\u00e1s c\u00f3mo diferenciar entre 10 urgente y 10 importante, y<br \/>\nc\u00f3mo abordar tareas grandes complejas sin caer en la procrastinaci\u00f3n.<\/p>\n","protected":false},"featured_media":4135,"comment_status":"open","ping_status":"closed","template":"","meta":[],"product_brand":[],"product_cat":[95],"product_tag":[99,56,76],"product_publisher":[84],"class_list":{"0":"post-2204","1":"product","2":"type-product","3":"status-publish","4":"has-post-thumbnail","6":"product_cat-motivacion-y-productividad","7":"product_tag-cambio-de-mentalidad","8":"product_tag-coaching-personalizado","9":"product_tag-superacion-personal","10":"product_publisher-ebook-y-pdf","12":"first","13":"instock","14":"sale","15":"downloadable","16":"virtual","17":"taxable","18":"purchasable","19":"product-type-simple"},"_links":{"self":[{"href":"https:\/\/www.tiendamartinarevalo.com\/en\/wp-json\/wp\/v2\/product\/2204","targetHints":{"allow":["GET"]}}],"collection":[{"href":"https:\/\/www.tiendamartinarevalo.com\/en\/wp-json\/wp\/v2\/product"}],"about":[{"href":"https:\/\/www.tiendamartinarevalo.com\/en\/wp-json\/wp\/v2\/types\/product"}],"replies":[{"embeddable":true,"href":"https:\/\/www.tiendamartinarevalo.com\/en\/wp-json\/wp\/v2\/comments?post=2204"}],"version-history":[{"count":5,"href":"https:\/\/www.tiendamartinarevalo.com\/en\/wp-json\/wp\/v2\/product\/2204\/revisions"}],"predecessor-version":[{"id":4387,"href":"https:\/\/www.tiendamartinarevalo.com\/en\/wp-json\/wp\/v2\/product\/2204\/revisions\/4387"}],"wp:featuredmedia":[{"embeddable":true,"href":"https:\/\/www.tiendamartinarevalo.com\/en\/wp-json\/wp\/v2\/media\/4135"}],"wp:attachment":[{"href":"https:\/\/www.tiendamartinarevalo.com\/en\/wp-json\/wp\/v2\/media?parent=2204"}],"wp:term":[{"taxonomy":"product_brand","embeddable":true,"href":"https:\/\/www.tiendamartinarevalo.com\/en\/wp-json\/wp\/v2\/product_brand?post=2204"},{"taxonomy":"product_cat","embeddable":true,"href":"https:\/\/www.tiendamartinarevalo.com\/en\/wp-json\/wp\/v2\/product_cat?post=2204"},{"taxonomy":"product_tag","embeddable":true,"href":"https:\/\/www.tiendamartinarevalo.com\/en\/wp-json\/wp\/v2\/product_tag?post=2204"},{"taxonomy":"product_publisher","embeddable":true,"href":"https:\/\/www.tiendamartinarevalo.com\/en\/wp-json\/wp\/v2\/product_publisher?post=2204"}],"curies":[{"name":"wp","href":"https:\/\/api.w.org\/{rel}","templated":true}]}}