{"id":2198,"date":"2023-10-04T03:04:13","date_gmt":"2023-10-04T03:04:13","guid":{"rendered":"https:\/\/authore.g5plus.net\/product\/zero-to-one-copy\/"},"modified":"2025-08-11T11:52:21","modified_gmt":"2025-08-11T09:52:21","slug":"creador-de-suenos","status":"publish","type":"product","link":"https:\/\/www.tiendamartinarevalo.com\/en\/product\/creador-de-suenos\/","title":{"rendered":"Creador de Sue\u00f1os"},"content":{"rendered":"","protected":false},"excerpt":{"rendered":"<p>Alguna vez te has preguntado por qu\u00e9 algunas personas<br \/>\nparecen alcanzar sus metas con facilidad mientras otras se<br \/>\nquedan estancadas? La respuesta no est\u00e1 en la suerte o el<br \/>\ntalento, sino en la forma en que percibimos qui\u00e9nes somos,<br \/>\nc\u00f3mo nos hablamos a nosotros mismos y c\u00f3mo dise\u00f1amos<br \/>\nnuestro camino hacia el \u00e9xito.<\/p>\n<p>Creador de Sue\u00f1os es un libro de auto superaci\u00f3n y desarrollo<br \/>\npersonal que te guiar\u00e1 paso a paso para convertirte en el<br \/>\narquitecto de tu propia vida.<\/p>\n<p>Con un enfoque inspirador y pr\u00e1ctico, este libro te invita a ser<br \/>\nel escultor de tu mente, moldeando tus pensamientos,<br \/>\nemociones y acciones para construir la vida que siempre has<br \/>\ndeseado. A trav\u00e9s de historias motivadoras, reflexiones<br \/>\nprofundas y estrategias probadas, descubrir\u00e1s que el \u00e9xito no<br \/>\nes un destino, sino un viaje que comienza con una decisi\u00f3n:<br \/>\ntomar las riendas de tu propia existencia.<\/p>\n<p>Creador de Sue\u00f1os es m\u00e1s que un libro; es una gu\u00eda para<br \/>\naquellos que est\u00e1n listos para dejar de ser espectadores de su<br \/>\nvida y convertirse en protagonistas. Si est\u00e1s dispuesto a<br \/>\ntrabajar en ti mismo, definir tus metas y actuar con prop\u00f3sito,<br \/>\neste libro ser\u00e1 tu compa\u00f1ero ideal en el camino hacia la<br \/>\nrealizaci\u00f3n personal y el \u00e9xito duradero.<\/p>\n","protected":false},"featured_media":4162,"comment_status":"open","ping_status":"closed","template":"","meta":[],"product_brand":[],"product_cat":[66],"product_tag":[85,71,65],"product_publisher":[84],"class_list":{"0":"post-2198","1":"product","2":"type-product","3":"status-publish","4":"has-post-thumbnail","6":"product_cat-liderazgo-y-coaching","7":"product_tag-estrategias-de-marketing","8":"product_tag-gestion-de-equipos","9":"product_tag-tecnicas-de-ventas","10":"product_publisher-ebook-y-pdf","12":"first","13":"instock","14":"downloadable","15":"virtual","16":"taxable","17":"product-type-simple"},"_links":{"self":[{"href":"https:\/\/www.tiendamartinarevalo.com\/en\/wp-json\/wp\/v2\/product\/2198","targetHints":{"allow":["GET"]}}],"collection":[{"href":"https:\/\/www.tiendamartinarevalo.com\/en\/wp-json\/wp\/v2\/product"}],"about":[{"href":"https:\/\/www.tiendamartinarevalo.com\/en\/wp-json\/wp\/v2\/types\/product"}],"replies":[{"embeddable":true,"href":"https:\/\/www.tiendamartinarevalo.com\/en\/wp-json\/wp\/v2\/comments?post=2198"}],"version-history":[{"count":13,"href":"https:\/\/www.tiendamartinarevalo.com\/en\/wp-json\/wp\/v2\/product\/2198\/revisions"}],"predecessor-version":[{"id":4393,"href":"https:\/\/www.tiendamartinarevalo.com\/en\/wp-json\/wp\/v2\/product\/2198\/revisions\/4393"}],"wp:featuredmedia":[{"embeddable":true,"href":"https:\/\/www.tiendamartinarevalo.com\/en\/wp-json\/wp\/v2\/media\/4162"}],"wp:attachment":[{"href":"https:\/\/www.tiendamartinarevalo.com\/en\/wp-json\/wp\/v2\/media?parent=2198"}],"wp:term":[{"taxonomy":"product_brand","embeddable":true,"href":"https:\/\/www.tiendamartinarevalo.com\/en\/wp-json\/wp\/v2\/product_brand?post=2198"},{"taxonomy":"product_cat","embeddable":true,"href":"https:\/\/www.tiendamartinarevalo.com\/en\/wp-json\/wp\/v2\/product_cat?post=2198"},{"taxonomy":"product_tag","embeddable":true,"href":"https:\/\/www.tiendamartinarevalo.com\/en\/wp-json\/wp\/v2\/product_tag?post=2198"},{"taxonomy":"product_publisher","embeddable":true,"href":"https:\/\/www.tiendamartinarevalo.com\/en\/wp-json\/wp\/v2\/product_publisher?post=2198"}],"curies":[{"name":"wp","href":"https:\/\/api.w.org\/{rel}","templated":true}]}}