{"id":2195,"date":"2023-10-04T03:02:25","date_gmt":"2023-10-04T03:02:25","guid":{"rendered":"https:\/\/authore.g5plus.net\/product\/a-storytelling-workbook-copy\/"},"modified":"2025-08-11T11:52:21","modified_gmt":"2025-08-11T09:52:21","slug":"cuando-la-mente-se-funde-con-la-magia","status":"publish","type":"product","link":"https:\/\/www.tiendamartinarevalo.com\/en\/product\/cuando-la-mente-se-funde-con-la-magia\/","title":{"rendered":"Cuando la Mente se Funde con la Magia"},"content":{"rendered":"","protected":false},"excerpt":{"rendered":"<p>La felicidad no es un misterio, es una elecci\u00f3n. Este libro es un<br \/>\ncontrato contigo mismo para despertar tu potencial y<br \/>\ntransformar tu realidad.<\/p>\n<p>Aqu\u00ed no hay f\u00f3rmulas m\u00e1gicas, solo herramientas pr\u00e1cticas para<br \/>\ntomar el control de tu mente, tus emociones y tu vida,<br \/>\nAprender\u00e1s el arte de las preguntas poderosas, la importancia<br \/>\nde la escucha activa y c\u00f3mo el lenguaje transforma tu manera<br \/>\nde pensar. Descubrir\u00e1s c\u00f3mo tu cerebro moldea tu realidad y<br \/>\nc\u00f3mo la neuro plasticidad reinventarte constantemente.<\/p>\n","protected":false},"featured_media":4166,"comment_status":"open","ping_status":"closed","template":"","meta":[],"product_brand":[],"product_cat":[95],"product_tag":[69,76,65],"product_publisher":[84],"class_list":{"0":"post-2195","1":"product","2":"type-product","3":"status-publish","4":"has-post-thumbnail","6":"product_cat-motivacion-y-productividad","7":"product_tag-emprendedores","8":"product_tag-superacion-personal","9":"product_tag-tecnicas-de-ventas","10":"product_publisher-ebook-y-pdf","12":"first","13":"instock","14":"sale","15":"featured","16":"downloadable","17":"virtual","18":"taxable","19":"purchasable","20":"product-type-simple"},"_links":{"self":[{"href":"https:\/\/www.tiendamartinarevalo.com\/en\/wp-json\/wp\/v2\/product\/2195","targetHints":{"allow":["GET"]}}],"collection":[{"href":"https:\/\/www.tiendamartinarevalo.com\/en\/wp-json\/wp\/v2\/product"}],"about":[{"href":"https:\/\/www.tiendamartinarevalo.com\/en\/wp-json\/wp\/v2\/types\/product"}],"replies":[{"embeddable":true,"href":"https:\/\/www.tiendamartinarevalo.com\/en\/wp-json\/wp\/v2\/comments?post=2195"}],"version-history":[{"count":4,"href":"https:\/\/www.tiendamartinarevalo.com\/en\/wp-json\/wp\/v2\/product\/2195\/revisions"}],"predecessor-version":[{"id":4396,"href":"https:\/\/www.tiendamartinarevalo.com\/en\/wp-json\/wp\/v2\/product\/2195\/revisions\/4396"}],"wp:featuredmedia":[{"embeddable":true,"href":"https:\/\/www.tiendamartinarevalo.com\/en\/wp-json\/wp\/v2\/media\/4166"}],"wp:attachment":[{"href":"https:\/\/www.tiendamartinarevalo.com\/en\/wp-json\/wp\/v2\/media?parent=2195"}],"wp:term":[{"taxonomy":"product_brand","embeddable":true,"href":"https:\/\/www.tiendamartinarevalo.com\/en\/wp-json\/wp\/v2\/product_brand?post=2195"},{"taxonomy":"product_cat","embeddable":true,"href":"https:\/\/www.tiendamartinarevalo.com\/en\/wp-json\/wp\/v2\/product_cat?post=2195"},{"taxonomy":"product_tag","embeddable":true,"href":"https:\/\/www.tiendamartinarevalo.com\/en\/wp-json\/wp\/v2\/product_tag?post=2195"},{"taxonomy":"product_publisher","embeddable":true,"href":"https:\/\/www.tiendamartinarevalo.com\/en\/wp-json\/wp\/v2\/product_publisher?post=2195"}],"curies":[{"name":"wp","href":"https:\/\/api.w.org\/{rel}","templated":true}]}}