{"id":2183,"date":"2023-10-04T02:45:33","date_gmt":"2023-10-04T02:45:33","guid":{"rendered":"https:\/\/authore.g5plus.net\/product\/the-ride-of-a-lifetime-copy\/"},"modified":"2025-08-11T11:52:21","modified_gmt":"2025-08-11T09:52:21","slug":"el-cliente-oculto","status":"publish","type":"product","link":"https:\/\/www.tiendamartinarevalo.com\/en\/product\/el-cliente-oculto\/","title":{"rendered":"El Cliente Oculto"},"content":{"rendered":"","protected":false},"excerpt":{"rendered":"<p>Los hombres muelen y muelen en el molino de un axioma y lo \u00fanico que sale es lo que all\u00ed se puso. Pero en el momento mismo que abandonan la tradici\u00f3n por un pensamiento espont\u00e1neo, entonces la poes\u00eda, el ingenio, la esperanza, la virtud, la an\u00e9cdota ilustrativa, todo se precipita en su ayuda.<\/p>\n<p>Sigue haciendo las cosas igual y siempre ser\u00e1s el mismo, tira las costumbres por la borda y el mundo ser\u00e1 tuyo y podr\u00e1s usarlo tan creativamente como lo desees y escojas.<\/p>\n","protected":false},"featured_media":4178,"comment_status":"open","ping_status":"closed","template":"","meta":[],"product_brand":[],"product_cat":[83],"product_tag":[85,71,65],"product_publisher":[84],"class_list":{"0":"post-2183","1":"product","2":"type-product","3":"status-publish","4":"has-post-thumbnail","6":"product_cat-estrategias-de-exito","7":"product_tag-estrategias-de-marketing","8":"product_tag-gestion-de-equipos","9":"product_tag-tecnicas-de-ventas","10":"product_publisher-ebook-y-pdf","12":"first","13":"instock","14":"sale","15":"downloadable","16":"virtual","17":"taxable","18":"purchasable","19":"product-type-simple"},"_links":{"self":[{"href":"https:\/\/www.tiendamartinarevalo.com\/en\/wp-json\/wp\/v2\/product\/2183","targetHints":{"allow":["GET"]}}],"collection":[{"href":"https:\/\/www.tiendamartinarevalo.com\/en\/wp-json\/wp\/v2\/product"}],"about":[{"href":"https:\/\/www.tiendamartinarevalo.com\/en\/wp-json\/wp\/v2\/types\/product"}],"replies":[{"embeddable":true,"href":"https:\/\/www.tiendamartinarevalo.com\/en\/wp-json\/wp\/v2\/comments?post=2183"}],"version-history":[{"count":6,"href":"https:\/\/www.tiendamartinarevalo.com\/en\/wp-json\/wp\/v2\/product\/2183\/revisions"}],"predecessor-version":[{"id":4402,"href":"https:\/\/www.tiendamartinarevalo.com\/en\/wp-json\/wp\/v2\/product\/2183\/revisions\/4402"}],"wp:featuredmedia":[{"embeddable":true,"href":"https:\/\/www.tiendamartinarevalo.com\/en\/wp-json\/wp\/v2\/media\/4178"}],"wp:attachment":[{"href":"https:\/\/www.tiendamartinarevalo.com\/en\/wp-json\/wp\/v2\/media?parent=2183"}],"wp:term":[{"taxonomy":"product_brand","embeddable":true,"href":"https:\/\/www.tiendamartinarevalo.com\/en\/wp-json\/wp\/v2\/product_brand?post=2183"},{"taxonomy":"product_cat","embeddable":true,"href":"https:\/\/www.tiendamartinarevalo.com\/en\/wp-json\/wp\/v2\/product_cat?post=2183"},{"taxonomy":"product_tag","embeddable":true,"href":"https:\/\/www.tiendamartinarevalo.com\/en\/wp-json\/wp\/v2\/product_tag?post=2183"},{"taxonomy":"product_publisher","embeddable":true,"href":"https:\/\/www.tiendamartinarevalo.com\/en\/wp-json\/wp\/v2\/product_publisher?post=2183"}],"curies":[{"name":"wp","href":"https:\/\/api.w.org\/{rel}","templated":true}]}}