{"id":2177,"date":"2023-10-04T02:38:58","date_gmt":"2023-10-04T02:38:58","guid":{"rendered":"https:\/\/authore.g5plus.net\/product\/the-help-a-novel-copy\/"},"modified":"2025-08-11T11:52:21","modified_gmt":"2025-08-11T09:52:21","slug":"volvemos-a-las-andadas","status":"publish","type":"product","link":"https:\/\/www.tiendamartinarevalo.com\/en\/product\/volvemos-a-las-andadas\/","title":{"rendered":"Volvemos a las Andadas"},"content":{"rendered":"\t\t<div data-elementor-type=\"product-post\" data-elementor-id=\"2177\" class=\"elementor elementor-2177\" data-elementor-post-type=\"product\">\n\t\t\t\t\t\t<section class=\"elementor-section elementor-top-section elementor-element elementor-element-447dc5e elementor-section-boxed elementor-section-height-default elementor-section-height-default\" data-id=\"447dc5e\" data-element_type=\"section\">\n\t\t\t\t\t\t<div class=\"elementor-container elementor-column-gap-no\">\n\t\t\t\t\t<div class=\"elementor-column elementor-col-50 elementor-top-column elementor-element elementor-element-f3053f9\" data-id=\"f3053f9\" data-element_type=\"column\">\n\t\t\t<div class=\"elementor-widget-wrap elementor-element-populated\">\n\t\t\t\t\t\t<div class=\"elementor-element elementor-element-f177c0d elementor-widget elementor-widget-ube-banner\" data-id=\"f177c0d\" data-element_type=\"widget\" data-widget_type=\"ube-banner.default\">\n\t\t\t\t<div class=\"elementor-widget-container\">\n\t\t\t\t\t    <div class=\"ube-banner ube-banner-layout-01 ube-banner-effect-img-zoom-in\">\n        <div class=\"ube-banner-image\">\n\t\t\t                <a href=\"#\">\n                <\/a>\n\t\t\t            <div class=\"ube-banner-bg\" style=\"padding-bottom:112.76595744681%;background-image : url(https:\/\/www.tiendamartinarevalo.com\/wp-content\/uploads\/2023\/08\/desc-product-01.jpg)\">\n            <\/div>\n        <\/div>\n        <div class=\"ube-banner-content\">\n\t\t\t\t\t\t\t\t\t\t\t\t\t\t\t\t\t\t\t\t\t        <\/div>\n    <\/div>\n\t\t\t\t<\/div>\n\t\t\t\t<\/div>\n\t\t\t\t\t<\/div>\n\t\t<\/div>\n\t\t\t\t<div class=\"elementor-column elementor-col-50 elementor-top-column elementor-element elementor-element-be5cca8\" data-id=\"be5cca8\" data-element_type=\"column\">\n\t\t\t<div class=\"elementor-widget-wrap elementor-element-populated\">\n\t\t\t\t\t\t<div class=\"elementor-element elementor-element-c532970 elementor-widget elementor-widget-ube-heading\" data-id=\"c532970\" data-element_type=\"widget\" data-widget_type=\"ube-heading.default\">\n\t\t\t\t<div class=\"elementor-widget-container\">\n\t\t\t\t\t<div class=\"ube-heading\">\n\t<h4 class=\"ube-heading-title\">Description<\/h4><\/div>\t\t\t\t<\/div>\n\t\t\t\t<\/div>\n\t\t\t\t<div class=\"elementor-element elementor-element-85a9a3d elementor-widget elementor-widget-text-editor\" data-id=\"85a9a3d\" data-element_type=\"widget\" data-widget_type=\"text-editor.default\">\n\t\t\t\t<div class=\"elementor-widget-container\">\n\t\t\t\t\t\t\t\t\t<p>Baseball ipsum dolor sit amet cellar rubber win hack tossed. Slugging catcher slide bench league, left fielder nubber. Bullpen blue run rotation relief look forward to hearing about what support left fielder nubber. Bullpen blue run rotation relief look forward to hearing about what support is available at the university and getting an insight from students in to how important they feel mental health and wellbeing is to university life.<\/p>\t\t\t\t\t\t\t\t<\/div>\n\t\t\t\t<\/div>\n\t\t\t\t<div class=\"elementor-element elementor-element-76e9b85 elementor-widget elementor-widget-ube-heading\" data-id=\"76e9b85\" data-element_type=\"widget\" data-widget_type=\"ube-heading.default\">\n\t\t\t\t<div class=\"elementor-widget-container\">\n\t\t\t\t\t<div class=\"ube-heading\">\n\t<h4 class=\"ube-heading-title\">Important Information<\/h4><\/div>\t\t\t\t<\/div>\n\t\t\t\t<\/div>\n\t\t\t\t<div class=\"elementor-element elementor-element-7215647 elementor-widget elementor-widget-text-editor\" data-id=\"7215647\" data-element_type=\"widget\" data-widget_type=\"text-editor.default\">\n\t\t\t\t<div class=\"elementor-widget-container\">\n\t\t\t\t\t\t\t\t\t<p>&#8211; Design doesn\u2019t have to be complicated<br \/>&#8211; Guide to human-centered design shows that usability<br \/>&#8211; Important as aesthetics.<br \/>&#8211; Design doesn\u2019t have to be complicated<br \/>&#8211; Guide to human-centered design shows that usability.<\/p>\t\t\t\t\t\t\t\t<\/div>\n\t\t\t\t<\/div>\n\t\t\t\t<div class=\"elementor-element elementor-element-a48f879 elementor-grid-mobile-3 elementor-grid-4 elementor-widget elementor-widget-ube-advanced-client-logo\" data-id=\"a48f879\" data-element_type=\"widget\" data-widget_type=\"ube-advanced-client-logo.default\">\n\t\t\t\t<div class=\"elementor-widget-container\">\n\t\t\t\t\t\t\t<div class=\"elementor-grid ube-client-logo\">\n\t\t\t\t\t\t\t\t\t\t\t<div class=\"elementor-grid-item elementor-repeater-item-8a996d3 \">\n\t\t\t\t<div class=\"ube-client-logo-item\"><img decoding=\"async\" width=\"110\" height=\"85\" src=\"https:\/\/www.tiendamartinarevalo.com\/wp-content\/uploads\/2023\/07\/award-06.png\" class=\"attachment-full size-full wp-image-441\" alt=\"\" \/><\/div>\t\t\t<\/div>\n\t\t\t\t\t\t\t\t<div class=\"elementor-grid-item elementor-repeater-item-c212a7e \">\n\t\t\t\t<div class=\"ube-client-logo-item\"><img decoding=\"async\" width=\"110\" height=\"85\" src=\"https:\/\/www.tiendamartinarevalo.com\/wp-content\/uploads\/2023\/07\/award-05.png\" class=\"attachment-full size-full wp-image-440\" alt=\"\" \/><\/div>\t\t\t<\/div>\n\t\t\t\t\t\t\t\t<div class=\"elementor-grid-item elementor-repeater-item-e014d99 \">\n\t\t\t\t<div class=\"ube-client-logo-item\"><img decoding=\"async\" width=\"110\" height=\"85\" src=\"https:\/\/www.tiendamartinarevalo.com\/wp-content\/uploads\/2023\/07\/award-04.png\" class=\"attachment-full size-full wp-image-439\" alt=\"\" \/><\/div>\t\t\t<\/div>\n\t\t\t\t\t\t<\/div>\n\t\t\t\t\t\t<\/div>\n\t\t\t\t<\/div>\n\t\t\t\t\t<\/div>\n\t\t<\/div>\n\t\t\t\t\t<\/div>\n\t\t<\/section>\n\t\t\t\t<\/div>\n\t\t","protected":false},"excerpt":{"rendered":"<p>He conocido a muchas personas, much\u00edsimas, m\u00e1s de las que puedo<br \/>\nrecordar, todos los d\u00edas conozco a bastantes, las cuales dicen, o mejor<br \/>\ndicho no solo dicen tambien piensan y sienten y lo peor es lo que lo<br \/>\nviven, que el destino esta escrito. Que lo que les ocurre no se puede<br \/>\ncambiar. La vida es lo que hay.<\/p>\n<p>La situaci\u00f3n es la que tenemos. \u00bfQu\u00e9 podemos hacer? Nada es la aseveraci\u00f3n que ellos comentan. Mas que una afirmaci\u00f3n es como una especie de promesa. Casi un juramento.\u00a0 Lo que se llama Profec\u00eda Autocumplida.<\/p>\n","protected":false},"featured_media":4184,"comment_status":"open","ping_status":"closed","template":"","meta":[],"product_brand":[],"product_cat":[53],"product_tag":[69,85,67],"product_publisher":[],"class_list":{"0":"post-2177","1":"product","2":"type-product","3":"status-publish","4":"has-post-thumbnail","6":"product_cat-desarrollo-personal","7":"product_tag-emprendedores","8":"product_tag-estrategias-de-marketing","9":"product_tag-mindset-de-exito","11":"first","12":"instock","13":"sale","14":"downloadable","15":"virtual","16":"taxable","17":"purchasable","18":"product-type-simple"},"_links":{"self":[{"href":"https:\/\/www.tiendamartinarevalo.com\/en\/wp-json\/wp\/v2\/product\/2177","targetHints":{"allow":["GET"]}}],"collection":[{"href":"https:\/\/www.tiendamartinarevalo.com\/en\/wp-json\/wp\/v2\/product"}],"about":[{"href":"https:\/\/www.tiendamartinarevalo.com\/en\/wp-json\/wp\/v2\/types\/product"}],"replies":[{"embeddable":true,"href":"https:\/\/www.tiendamartinarevalo.com\/en\/wp-json\/wp\/v2\/comments?post=2177"}],"version-history":[{"count":2,"href":"https:\/\/www.tiendamartinarevalo.com\/en\/wp-json\/wp\/v2\/product\/2177\/revisions"}],"predecessor-version":[{"id":4230,"href":"https:\/\/www.tiendamartinarevalo.com\/en\/wp-json\/wp\/v2\/product\/2177\/revisions\/4230"}],"wp:featuredmedia":[{"embeddable":true,"href":"https:\/\/www.tiendamartinarevalo.com\/en\/wp-json\/wp\/v2\/media\/4184"}],"wp:attachment":[{"href":"https:\/\/www.tiendamartinarevalo.com\/en\/wp-json\/wp\/v2\/media?parent=2177"}],"wp:term":[{"taxonomy":"product_brand","embeddable":true,"href":"https:\/\/www.tiendamartinarevalo.com\/en\/wp-json\/wp\/v2\/product_brand?post=2177"},{"taxonomy":"product_cat","embeddable":true,"href":"https:\/\/www.tiendamartinarevalo.com\/en\/wp-json\/wp\/v2\/product_cat?post=2177"},{"taxonomy":"product_tag","embeddable":true,"href":"https:\/\/www.tiendamartinarevalo.com\/en\/wp-json\/wp\/v2\/product_tag?post=2177"},{"taxonomy":"product_publisher","embeddable":true,"href":"https:\/\/www.tiendamartinarevalo.com\/en\/wp-json\/wp\/v2\/product_publisher?post=2177"}],"curies":[{"name":"wp","href":"https:\/\/api.w.org\/{rel}","templated":true}]}}