{"id":4236,"date":"2025-03-14T19:06:25","date_gmt":"2025-03-14T18:06:25","guid":{"rendered":"https:\/\/www.tiendamartinarevalo.com\/?page_id=4236"},"modified":"2025-03-16T15:46:06","modified_gmt":"2025-03-16T14:46:06","slug":"entrevista-a-martin-arevalo","status":"publish","type":"page","link":"https:\/\/www.tiendamartinarevalo.com\/en\/entrevista-a-martin-arevalo\/","title":{"rendered":"Entrevista a Mart\u00edn Ar\u00e9valo"},"content":{"rendered":"<p><\/p><ol class=\"wp-block-list\"><li><strong>\u00bfC\u00f3mo se decidi\u00f3 a adentrarse en el mundo del coaching?<\/strong><\/li><\/ol><p>Desde peque\u00f1o siempre he querido ayudar a los dem\u00e1s. Siempre lo hac\u00eda.<\/p><p>Ha sido una constante hasta el momento y lo seguir\u00e1 siendo con m\u00e1s fuerzas cada d\u00eda.<\/p><p>Hay una pregunta que suelo hacer y es:<\/p><p>\u00bfCu\u00e1l es tu misi\u00f3n en esta vida?<\/p><p>\u00bfPara que estas aqu\u00ed?<\/p><p>La m\u00eda es motivar y hacer que las personas se superen y crezcan.<\/p><p>Todos tenemos un potencial inimaginable, un gigante interior, aunque a veces o no lo sabemos o creemos que no es para tanto.<\/p><p>La vida tienes unas normas al igual que la empresa.<\/p><p>La primera se llama filosof\u00eda empresarial que es aplicable a lo personal.<\/p><p>La primera es \u00bfcu\u00e1l es tu misi\u00f3n?<\/p><p>La segunda es \u00bfcu\u00e1l es tu visi\u00f3n?<\/p><p>La tercera es \u00bfcu\u00e1les son tus valores como persona?<\/p><div class=\"wp-block-image\"><figure class=\"alignleft size-full is-resized\"><img fetchpriority=\"high\" decoding=\"async\" width=\"640\" height=\"570\" src=\"https:\/\/www.tiendamartinarevalo.com\/wp-content\/uploads\/2025\/03\/enfoque-en-los-resultados.png\" alt=\"\" class=\"wp-image-4089\" style=\"width:325px;height:auto\" srcset=\"https:\/\/www.tiendamartinarevalo.com\/wp-content\/uploads\/2025\/03\/enfoque-en-los-resultados.png 640w, https:\/\/www.tiendamartinarevalo.com\/wp-content\/uploads\/2025\/03\/enfoque-en-los-resultados-300x267.png 300w, https:\/\/www.tiendamartinarevalo.com\/wp-content\/uploads\/2025\/03\/enfoque-en-los-resultados-600x534.png 600w\" sizes=\"(max-width: 640px) 100vw, 640px\" \/><\/figure><\/div><p>En definitiva, intentar aportar mi peque\u00f1o granito de arena para que la sociedad, la cual consta de personas y empresas, sea cada vez mejor y un lugar m\u00e1s habitable, y lo m\u00e1s importante, que seamos conscientes de nuestro potencial y nos conozcamos mejor.<\/p><p>Ese conocimiento lo realizo mediante la formaci\u00f3n tanto en inteligencia emocional, escucha activa, pensamientos, etc. Una formaci\u00f3n muy amplia.<\/p><p>Todo comienza con una pir\u00e1mide en cuya base esta el dominio y el control. Uno tienes que dominar o al final es dominado o por la vida y las circunstancias o por la empresa.<\/p><p><strong>\u00bfQui\u00e9n es Martin y a que se dedica?<\/strong><\/p><p>Buena pregunta. Demasiado buena. A ver\u2026<\/p><p>Yo siempre digo que soy un bicho raro. Muy raro. Rarito jaja.<\/p><p>Me considero un buscador. Una persona luchadora, ecl\u00e9ctica\u2026<\/p><p>En mi vida he estudiado muchas cosas.<\/p><p>Desde Direcci\u00f3n y administraci\u00f3n de empresas, Psicolog\u00eda del comportamiento, hipnosis cl\u00ednica, Psiconeuroinmunolog\u00eda, Psicooncolog\u00eda etc.<\/p><p>Adem\u00e1s, he trabajado en bastantes empresas, multinacionales, locales, en administraciones, estuve en el ej\u00e9rcito, etc.<\/p><p>Me dio por viajar e impartir conferencias y por escribir. He escrito creo que ya he perdido la cuenta 20 libros.<\/p><p>Tambi\u00e9n juegos de empresa, COMO CONSTRUIR UNA EMPRESA DE \u00c9XITO, un juego con m\u00e1s de 1500 preguntas, una especie de master para aprender el mundo de la empresa jugando y DESAFIO MENTAL, un juego de mejoramiento personal en el cual se aprende jugando, yo lo llamo Edutenimiento, inteligencia emocional, cambio cognitivo conductual, asertividad, empat\u00eda, manejo del tiempo, escucha activa, relaciones y un amplio etc.<\/p><p>Tambi\u00e9n cre\u00e9 dos sistemas para cambiar como la COEXISTENDENCIA y la SENTIATERAPIA y el sistema CARMEN.<\/p><p>Y MUCHAS MAS COSAS.<\/p><p>Soy coach personal, empresarial, directivo y comercial, adem\u00e1s de escritor y conferenciante a nivel internacional.<\/p><p>En definitiva\u2026 SIEMPRE BUSCANDO Y APRENDIENDO.<\/p><p><strong>\u00bfcon todo eso\u2026 \u00bftiene tiempo libre? \u00bfQu\u00e9 hace en su tiempo libre?<\/strong><\/p><p>Jajaja si. Lo tengo. Claro que lo tengo. Administro muy bien mi tiempo.<\/p><p>Leo bastante. Me encanta leer. Viajar e ir al teatro y al cine.<\/p><p>Voy al gimnasio una media de 4 veces en semana y adem\u00e1s practico artes marciales y algo de boxeo. La \u00faltima arte marcial que estoy practicando es Muay Thai y realmente me apasiona. Me apasiona como siempre digo por la persona que me ense\u00f1a. Mi MAESTRO, pero eso pasa en todas las etapas de la vida. De peque\u00f1o en el colegio o en la facultad la asignatura nos gustaba m\u00e1s o menos en funci\u00f3n de quien te la ense\u00f1ara. En la vida ocurre exactamente igual.<\/p><ul class=\"wp-block-list\"><li><strong>El coaching es un t\u00e9rmino relativamente nuevo y hay gente que a\u00fan no tiene claro su significado, \u00bfpodr\u00edas explicarnos en qu\u00e9 consiste el coaching?<\/strong><\/li><\/ul><p>Realmente el coaching como termino, como palabra es relativamente nuevo. Aproximadamente unos 30 a\u00f1os.<\/p><p>No obstante, el coaching como proceso siempre ha existido. S\u00f3crates seg\u00fan algunos es el \u201cpadre\u201d del coaching.<\/p><p>El m\u00e9todo socr\u00e1tico. O sea, el arte de hacerte preguntas. De formularte preguntas importantes. Preguntas reveladoras.<\/p><p>Cuando yo pregunto \u00bfQu\u00e9 es pensar? Normalmente me dicen que es darle vueltas a algo. No. Eso es pensar en el problema y no en la soluci\u00f3n.<\/p><p>Pensar es realizarte preguntas, buscar soluciones y actuar en consecuencia. Sin acci\u00f3n no existe coaching.<\/p><p>Coaching es un proceso que realizamos con una o un grupo de personas. Es un camino, un viaje, que se realiza desde un punto, en el que nos encontramos actualmente, hasta otro punto que es el lugar en el que queremos estar.<\/p><p>Un proceso en el cual hacemos que la persona en primer lugar sepa lo que quiere. En segundo lugar, se ponga objetivos. Y en tercer lugar le acompa\u00f1amos en su viaje.<\/p><p>Para ello lo potenciamos y le hacemos ver sus recursos y habilidades.<\/p><p>Realmente coaching es un viaje hacia lo que realmente queremos.<\/p><p>Es lo que vimos en la primera pregunta.<\/p><p>Mi visi\u00f3n. Como quiero estar en un periodo de tiempo.<\/p><p>A\u00f1adir\u00eda que para m\u00ed coaching es conocimiento interior y crecimiento. Siempre crecimiento.<\/p><p>Si dejar claro que el coaching es en definitiva ACCION. Siempre acci\u00f3n.<\/p><p>Sin acci\u00f3n no existe el coaching.<\/p><ul class=\"wp-block-list\"><li><strong>\u00bfCu\u00e1les son las razones del surgimiento del coaching?<\/strong><\/li><\/ul><p>La mejora, el avance, el conocimiento, m\u00e1s bien en principio es el autoconocimiento personal.<\/p><p>Tambi\u00e9n la realizaci\u00f3n personal. No obstante, y para no repetirme en la pregunta siguiente expongo los motivos con m\u00e1s claridad.<\/p><p>Vivimos en \u00e9pocas de desasosiego y de infelicidad personal. De escasez de valores y del todo vale.<\/p><p>En el terreno empresarial para empresarios que necesitan habilidades empresariales.<\/p><p>Decir que el empresario tiene cuatro \u00e1reas importantes.<\/p><p>T\u00e9cnico, comercial, directivo y emprendedor.<\/p><p>Normalmente las \u00e1reas de t\u00e9cnico, emprendedor y comercial las tiene en su mayor\u00eda resueltas, pero no la de directivo.<\/p><p>Adem\u00e1s, el coach suele ser generalista. Da igual el tipo de empresa que sea y a la actividad que se dedique.<\/p><p>Lo importante es el chasis de la empresa.<\/p><p>Es como un coche. Puede ser de cualquier marca, lo \u00fanico que cambia es el chasis. El interior es igual.<\/p><ul class=\"wp-block-list\"><li><strong>\u00bfPor qu\u00e9 cree que es necesario el coaching en la actualidad?<\/strong><\/li><\/ul><p>Es un modelo de crecimiento, que adem\u00e1s siempre aporta.<\/p><p>Partimos de la base que cada individuo tiene en su interior la soluci\u00f3n a sus problemas.<\/p><p>Yo tengo un dicho y es el siguiente:<\/p><p><em><u>\u201cSi sabes cu\u00e1l es tu problema, sabes la soluci\u00f3n y no haces nada, estas peor que antes.\u201d<\/u><\/em><\/p><p>Todo el mundo tiene un sue\u00f1o, una meta un objetivo que cumplir.<\/p><p>El coaching adem\u00e1s de ayudarte en muchas cosas m\u00e1s tambi\u00e9n te ayuda a conseguir aquello que realmente deseas. Por eso es importante.<\/p><p><strong>Hace que las personas est\u00e9n encadenando \u00e9xitos<\/strong>&nbsp;y sembrando la autoconfianza necesaria.<\/p><p>&#8211;&nbsp;&nbsp;&nbsp;&nbsp;&nbsp;&nbsp; Facilita que las personas&nbsp;<strong>se adapten a los cambios<\/strong>&nbsp;de manera sencilla, eficaz y eficiente.<\/p><p>&#8211;&nbsp;&nbsp;&nbsp;&nbsp;&nbsp;&nbsp;&nbsp;<strong>Se centra<\/strong>&nbsp;en los valores fundamentales.<\/p><p>&#8211;&nbsp;&nbsp;&nbsp;&nbsp;&nbsp;&nbsp; Ayuda a las personas a encontrarse a si mismas, a&nbsp;<strong>ser los responsables de su vida.<\/strong><\/p><p>&#8211;&nbsp;&nbsp;&nbsp;&nbsp;&nbsp;&nbsp; Renueva las relaciones y&nbsp;<strong>favorece la comunicaci\u00f3n<\/strong>&nbsp;en las relaciones.<\/p><p>&#8211;&nbsp;&nbsp;&nbsp;&nbsp;&nbsp;&nbsp; Se centra en&nbsp;<strong>las potencialidades de las personas<\/strong>, permiti\u00e9ndoles alcanzar objetivos que de otra manera serian inalcanzables.<\/p><p>Y m\u00e1s\u2026<\/p><p>Pero creo que con lo dicho es suficiente.<\/p><ul class=\"wp-block-list\"><li><strong>\u00bfC\u00f3mo crees que se debe trabajar el coaching en el \u00e1mbito laboral?<\/strong><\/li><\/ul><ul class=\"wp-block-list\"><li>Estimulando a las personas hacia la producci\u00f3n de resultados sin precedentes.<\/li>\n\n<li>Mejorando el desempe\u00f1o del personal.<\/li>\n\n<li>Facilitando que las personas se adapten a los cambios de manera eficiente y eficaz.<\/li>\n\n<li>Movilizando los valores centrales y los compromisos de las personas.<\/li>\n\n<li>Haciendo eficaz la comunicaci\u00f3n.<\/li>\n\n<li>Predisponiendo a las personas para la colaboraci\u00f3n, el trabajo en equipo y la creaci\u00f3n de consenso.<\/li>\n\n<li>&nbsp;Y lo m\u00e1s importante, descubriendo el potencial de las personas, permiti\u00e9ndoles alcanzar objetivos que de otra manera son considerados inalcanzables.<\/li><\/ul><ul class=\"wp-block-list\"><li><strong>\u00bfCree que est\u00e1 suficientemente valorado el coaching en Espa\u00f1a?<\/strong><\/li><\/ul><p>Poco a poco se va valorando.<\/p><p>El problema como en todo hoy en d\u00eda es el intrusismo.<\/p><p>Hoy en d\u00eda cualquiera dice que es coach.<\/p><p>Me he encontrado a algunos que por el mero hecho de leerse un libro ya son \u201ccoach\u201d.<\/p><p>Me encuentro con empresarios y particulares que desconf\u00edan.<\/p><p>Desconf\u00edan ya que se han encontrado o han contratado servicios de un \u201ccoach\u201d que no lo era.<\/p><p>No todo el mundo puede ser coach. No todo el mundo puede ser m\u00e9dico, ni bombero\u2026<\/p><p>Se tienen que tener adem\u00e1s de estudios y formaci\u00f3n una coherencia, una forma de ver la vida, una filosof\u00eda.<\/p><p>Unas actitudes y aptitudes\u2026<\/p><p>Me imagino que, con el tiempo, que siempre es el gran maestro, todo volver\u00e1 a su cauce.<\/p><p>7. <strong>\u00bfC\u00f3mo cree que va a repercutir el coaching en la sociedad en los pr\u00f3ximos a\u00f1os?<\/strong><\/p><p>Me gusta pensar que el coaching va a seguir dando herramientas para el crecimiento personal y empresarial.<\/p><p>Al menos es lo que yo siempre he hecho y seguir\u00e9 haciendo mediante mis libros, cursos, charlas y conferencias.<\/p><p><strong>\u00bfComo comenz\u00f3 en el mundo de los negocios?<\/strong><\/p><p>Hace ya much\u00edsimo tiempo de eso.<\/p><p>La verdad es que hice mis pinitos muy pronto. Con 16<\/p><p>&nbsp;a\u00f1os.<\/p><p>Con un amigo y el primo de este comenzamos a hablar de montar un negocio. Por aquel entonces estaba muy en auge la inform\u00e1tica y los lenguajes de programaci\u00f3n y decidimos apostar por ello.<\/p><p>Con un poco de dinero que conseguimos, mucho esfuerzo, tenacidad e ilusi\u00f3n montamos la empresa que fue bastante bien. Adem\u00e1s, ten\u00eda que compaginar con los estudios. La verdad es que fue muy duro, pero mereci\u00f3 la pena. Desde entonces siempre he estado en el mundo de los negocios.<\/p><p>Es fundador del<strong> Club Mej\u00f3rate, \u00bfqu\u00e9 es y qu\u00e9 beneficios tiene el pertenecer al mismo?<\/strong><\/p><p>Un cambio radical.<\/p><p>Se conoce a personas que est\u00e1n alineadas con tus mismos valores.<\/p><p>&nbsp;\u00bfEs importante para usted colaborar con l\u00edderes empresariales con ideas afines, acelerar el crecimiento de su negocio, mejorar su equilibrio entre trabajo y vida personal o sentirse m\u00e1s realizado? Club Mej\u00f3rate es una comunidad\/FRATERNIDAD de l\u00edderes empresariales que aceleran la consecuci\u00f3n de sus objetivos empresariales e individuales mediante la creaci\u00f3n de conexiones valiosas, la colaboraci\u00f3n y la recepci\u00f3n de asesoramiento para el \u00e9xito. Nuestros programas de asesoramiento para el \u00e9xito garantizan que te concentres, te sientas y rindas al m\u00e1ximo. Club Mej\u00f3rate es un club para l\u00edderes empresariales que saben que la vida es mucho m\u00e1s de lo que ellos han experimentado. Un lugar donde pueden adquirir y compartir los conocimientos y las habilidades necesarias para acceder a una experiencia de vida y de negocios de mayor calidad. Donde se les reconoce como empresarios o due\u00f1os de negocios ambiciosos con desaf\u00edos, aspiraciones e impulsos similares.<\/p><p><strong>\u00bfQu\u00e9 beneficios tiene formar parte del Club Mej\u00f3rate?<\/strong><\/p><p>Much\u00edsimos.<\/p><p>Amistad, un entorno \u00e9tico y responsable, tambi\u00e9n el aprendizaje continuo de unos y otros. Las empresas que forman parte son diversas de muchos sectores y pa\u00edses. El aprendizaje es diario ya que a cada evento asisten empresas con una forma de entender los negocios diferentes, por lo que se aprende siempre.<\/p><p>Ser empresario no es f\u00e1cil, ya no solo por la carga de trabajo diario, sino por la soledad y la responsabilidad que sientes al tener a tu cargo un negocio del que dependen tantas personas, no solo tu familia sino las familias de tus empleados, proveedores y tus propios clientes. Por eso Mej\u00f3rate no es solo un lugar de aprendizaje donde me ayudamos a gestionar mejor tiempo, recursos y emociones, sino adem\u00e1s un lugar donde poder compartir con otras personas las dudas y los logros que se obtienen d\u00eda a d\u00eda. \u201cMej\u00f3rate\u201d es m\u00e1s que un Club de Empresas, es una familia donde te apoyan, te ayudan y se preocupan por ti, tanto en lo empresarial como en lo personal. En las reuniones no solo aprendemos y valoramos los resultados, sino que adem\u00e1s compartimos, re\u00edmos y ayudamos a personas que entienden mejor que nadie nuestros problemas. Da igual si tu empresa es grande o peque\u00f1a, da igual a lo que te dediques, da igual si tienes 30 a\u00f1os de experiencia o acabas de empezar, en \u201cMej\u00f3rate\u201d siempre vas a encontrar un lugar que te va a ayudar a ser mejor empresario, y mejor persona.<\/p><p><strong>\u00bfQu\u00e9 eventos realiz\u00e1is en el Club?<\/strong><\/p><p>Bastantes.<\/p><p>Almuerzos de negocios, Desayunos, conferencias, convivencias, etc. Todo con el fin de potenciar los contactos y a los miembros del club.<\/p><p>Las conferencias son eventos muy importantes para nosotros.<\/p><p>Bajo el lema EL ADN DEL \u00c9XITO, impartimos conferencias de todo tipo de tem\u00e1ticas. Empresariales, personales, inteligencia emocional, asertividad, ventas y marketing, etc con ponentes de alto nivel.<\/p><p>Adem\u00e1s, en nuestras conferencias son siempre varios ponentes los que las imparten. Con ello conseguimos adem\u00e1s de diversidad, que el p\u00fablico no desconecte nunca de la misma. Varios ponentes, una misma tem\u00e1tica y la m\u00e1xima atenci\u00f3n.<\/p>","protected":false},"excerpt":{"rendered":"<p>Desde peque\u00f1o siempre he querido ayudar a los dem\u00e1s. Siempre lo hac\u00eda. Ha sido una constante hasta el momento y lo seguir\u00e1 siendo con m\u00e1s fuerzas cada d\u00eda. Hay una pregunta que suelo hacer y es: \u00bfCu\u00e1l es tu misi\u00f3n en esta vida? \u00bfPara que estas aqu\u00ed? La m\u00eda es motivar y hacer que las [&hellip;]<\/p>\n","protected":false},"author":1,"featured_media":0,"parent":0,"menu_order":0,"comment_status":"closed","ping_status":"closed","template":"","meta":{"footnotes":""},"class_list":["post-4236","page","type-page","status-publish","hentry"],"_links":{"self":[{"href":"https:\/\/www.tiendamartinarevalo.com\/en\/wp-json\/wp\/v2\/pages\/4236","targetHints":{"allow":["GET"]}}],"collection":[{"href":"https:\/\/www.tiendamartinarevalo.com\/en\/wp-json\/wp\/v2\/pages"}],"about":[{"href":"https:\/\/www.tiendamartinarevalo.com\/en\/wp-json\/wp\/v2\/types\/page"}],"author":[{"embeddable":true,"href":"https:\/\/www.tiendamartinarevalo.com\/en\/wp-json\/wp\/v2\/users\/1"}],"replies":[{"embeddable":true,"href":"https:\/\/www.tiendamartinarevalo.com\/en\/wp-json\/wp\/v2\/comments?post=4236"}],"version-history":[{"count":3,"href":"https:\/\/www.tiendamartinarevalo.com\/en\/wp-json\/wp\/v2\/pages\/4236\/revisions"}],"predecessor-version":[{"id":4300,"href":"https:\/\/www.tiendamartinarevalo.com\/en\/wp-json\/wp\/v2\/pages\/4236\/revisions\/4300"}],"wp:attachment":[{"href":"https:\/\/www.tiendamartinarevalo.com\/en\/wp-json\/wp\/v2\/media?parent=4236"}],"curies":[{"name":"wp","href":"https:\/\/api.w.org\/{rel}","templated":true}]}}