{"id":3544,"date":"2023-10-19T07:17:20","date_gmt":"2023-10-19T07:17:20","guid":{"rendered":"https:\/\/www.tiendamartinarevalo.com\/?page_id=3544"},"modified":"2025-03-16T15:32:35","modified_gmt":"2025-03-16T14:32:35","slug":"blogs","status":"publish","type":"page","link":"https:\/\/www.tiendamartinarevalo.com\/en\/elements\/blogs\/","title":{"rendered":"Blogs"},"content":{"rendered":"\t\t<div data-elementor-type=\"wp-page\" data-elementor-id=\"3544\" class=\"elementor elementor-3544\" data-elementor-post-type=\"page\">\n\t\t\t\t\t\t<section class=\"elementor-section elementor-top-section elementor-element elementor-element-6532434738c4a elementor-section-boxed elementor-section-height-default elementor-section-height-default\" data-id=\"6532434738c4a\" data-element_type=\"section\">\n\t\t\t\t\t\t<div class=\"elementor-container elementor-column-gap-default\">\n\t\t\t\t\t<div class=\"elementor-column elementor-col-100 elementor-top-column elementor-element elementor-element-cd8bf9b\" data-id=\"cd8bf9b\" data-element_type=\"column\">\n\t\t\t<div class=\"elementor-widget-wrap elementor-element-populated\">\n\t\t\t\t\t\t<section class=\"elementor-section elementor-inner-section elementor-element elementor-element-5c95506 elementor-section-content-bottom elementor-section-boxed elementor-section-height-default elementor-section-height-default\" data-id=\"5c95506\" data-element_type=\"section\">\n\t\t\t\t\t\t<div class=\"elementor-container elementor-column-gap-no\">\n\t\t\t\t\t<div class=\"elementor-column elementor-col-50 elementor-inner-column elementor-element elementor-element-1dfcb12\" data-id=\"1dfcb12\" data-element_type=\"column\">\n\t\t\t<div class=\"elementor-widget-wrap elementor-element-populated\">\n\t\t\t\t\t\t<div class=\"elementor-element elementor-element-a13b3bc elementor-widget elementor-widget-ube-heading\" data-id=\"a13b3bc\" data-element_type=\"widget\" data-widget_type=\"ube-heading.default\">\n\t\t\t\t<div class=\"elementor-widget-container\">\n\t\t\t\t\t<div class=\"ube-heading\">\n\t<h6 class=\"ube-heading-sub-title\" >\u00daltimos cambios<\/h6><h2 class=\"ube-heading-title\">Noticias & Entrevistas<\/h2><\/div>\t\t\t\t<\/div>\n\t\t\t\t<\/div>\n\t\t\t\t\t<\/div>\n\t\t<\/div>\n\t\t\t\t<div class=\"elementor-column elementor-col-50 elementor-inner-column elementor-element elementor-element-5eb097c\" data-id=\"5eb097c\" data-element_type=\"column\">\n\t\t\t<div class=\"elementor-widget-wrap elementor-element-populated\">\n\t\t\t\t\t\t<div class=\"elementor-element elementor-element-02ce0df elementor-align-right elementor-mobile-align-left elementor-widget elementor-widget-ube-button\" data-id=\"02ce0df\" data-element_type=\"widget\" data-widget_type=\"ube-button.default\">\n\t\t\t\t<div class=\"elementor-widget-container\">\n\t\t\t\t\t<a class=\"ube-btn btn btn-md btn- btn-link ube-btn-icon-right\" href=\"https:\/\/www.tiendamartinarevalo.com\/blog\/\">\n\t\t<span class=\"ube-btn-text\">View All<\/span>\n\t\t\t<span class=\"ube-btn-icon\"><i aria-hidden=\"true\" class=\" icomoon-arrow-right\"><\/i><\/span>\n\t<\/a>\n\n\n\t\t\t\t<\/div>\n\t\t\t\t<\/div>\n\t\t\t\t\t<\/div>\n\t\t<\/div>\n\t\t\t\t\t<\/div>\n\t\t<\/section>\n\t\t\t\t<div class=\"elementor-element elementor-element-17355ca elementor-widget elementor-widget-ube-g5-posts-slider\" data-id=\"17355ca\" data-element_type=\"widget\" data-widget_type=\"ube-g5-posts-slider.default\">\n\t\t\t\t<div class=\"elementor-widget-container\">\n\t\t\t\t\t<div class=\"ube__posts-slider\">\n\t    <div data-items-wrapper=\"69d5c25f04ac2\" class=\"g5blog__listing-wrap g5blog__layout-grid\">\n                <div data-items-container data-slick-options='{&quot;slidesToShow&quot;:3,&quot;slidesToScroll&quot;:3,&quot;centerMode&quot;:false,&quot;centerPadding&quot;:null,&quot;arrows&quot;:false,&quot;dots&quot;:true,&quot;infinite&quot;:false,&quot;fade&quot;:false,&quot;adaptiveHeight&quot;:true,&quot;autoplay&quot;:false,&quot;autoplaySpeed&quot;:0,&quot;draggable&quot;:true,&quot;responsive&quot;:[{&quot;breakpoint&quot;:1200,&quot;settings&quot;:{&quot;slidesToShow&quot;:3,&quot;slidesToScroll&quot;:3}},{&quot;breakpoint&quot;:992,&quot;settings&quot;:{&quot;slidesToShow&quot;:2,&quot;slidesToScroll&quot;:2}},{&quot;breakpoint&quot;:768,&quot;settings&quot;:{&quot;slidesToShow&quot;:1,&quot;slidesToScroll&quot;:1}},{&quot;breakpoint&quot;:576,&quot;settings&quot;:{&quot;slidesToShow&quot;:1,&quot;slidesToScroll&quot;:1}}]}' class=\"g5blog__listing-inner slick-slider g5core__gutter-30\">\n            <article class=\"g5core__gutter-item g5blog__post-default g5blog__post-grid g5blog__post-item-1 g5blog__has-post-featured post-4301 post type-post status-publish format-standard has-post-thumbnail hentry\">\n    <div  class=\"g5blog__post-inner \">\n                    <div class=\"g5core__post-featured g5blog__post-featured\">\n                \t\t\t<a title=\"El \u00e1rbol de los deseos\" style=\"--g5core-image-ratio : 60.540540540541%;;background-image: url(https:\/\/www.tiendamartinarevalo.com\/wp-content\/uploads\/2025\/03\/Captura-de-pantalla-2025-03-16-154926-555x336.png)\" class=\"g5core__entry-thumbnail g5core__embed-responsive\" href=\"https:\/\/www.tiendamartinarevalo.com\/en\/el-arbol-de-los-deseos\/\">\n\t\t\t<\/a>\n\t\t\t                            <\/div>\n                <div class=\"g5blog__post-content\">\n\t        <div class=\"entry-date\">\n\t<a href=\"https:\/\/www.tiendamartinarevalo.com\/en\/el-arbol-de-los-deseos\/\">16 de March de 2025<\/a>\n<\/div><h3 class=\"g5blog__post-title\">\n    <a title=\"El \u00e1rbol de los deseos\" href=\"https:\/\/www.tiendamartinarevalo.com\/en\/el-arbol-de-los-deseos\/\">El \u00e1rbol de los deseos<\/a>\n<\/h3>\n<ul class=\"g5blog__post-meta\">\n                        <li class=\"cat-meta\">\n            <i class=\"far fa-folder-open\"><\/i> Uncategorized\n        <\/li>\n                <\/ul>\n        <\/div>\n    <\/div>\n<\/article>\n<article class=\"g5core__gutter-item g5blog__post-default g5blog__post-grid g5blog__post-item-2 g5blog__has-post-featured post-4287 post type-post status-publish format-standard has-post-thumbnail hentry\">\n    <div  class=\"g5blog__post-inner \">\n                    <div class=\"g5core__post-featured g5blog__post-featured\">\n                \t\t\t<a title=\"Lo mejor para vivir la vida. Por el coach personal y de negocios Mart\u00edn Ar\u00e9valo.\" style=\"--g5core-image-ratio : 60.540540540541%;;background-image: url(https:\/\/www.tiendamartinarevalo.com\/wp-content\/uploads\/2025\/03\/Captura-de-pantalla-2025-03-16-153347-555x336.png)\" class=\"g5core__entry-thumbnail g5core__embed-responsive\" href=\"https:\/\/www.tiendamartinarevalo.com\/en\/lo-mejor-para-vivir-la-vida-por-el-coach-personal-y-de-negocios-martin-arevalo\/\">\n\t\t\t<\/a>\n\t\t\t                            <\/div>\n                <div class=\"g5blog__post-content\">\n\t        <div class=\"entry-date\">\n\t<a href=\"https:\/\/www.tiendamartinarevalo.com\/en\/lo-mejor-para-vivir-la-vida-por-el-coach-personal-y-de-negocios-martin-arevalo\/\">16 de March de 2025<\/a>\n<\/div><h3 class=\"g5blog__post-title\">\n    <a title=\"Lo mejor para vivir la vida. Por el coach personal y de negocios Mart\u00edn Ar\u00e9valo.\" href=\"https:\/\/www.tiendamartinarevalo.com\/en\/lo-mejor-para-vivir-la-vida-por-el-coach-personal-y-de-negocios-martin-arevalo\/\">Lo mejor para vivir la vida. Por el coach personal y de negocios Mart\u00edn Ar\u00e9valo.<\/a>\n<\/h3>\n<ul class=\"g5blog__post-meta\">\n                        <li class=\"cat-meta\">\n            <i class=\"far fa-folder-open\"><\/i> Uncategorized\n        <\/li>\n                <\/ul>\n        <\/div>\n    <\/div>\n<\/article>\n<article class=\"g5core__gutter-item g5blog__post-default g5blog__post-grid g5blog__post-item-3 g5blog__has-post-featured post-1270 post type-post status-publish format-standard has-post-thumbnail hentry category-introduce tag-books-with-berke tag-introduction tag-romance\">\n    <div  class=\"g5blog__post-inner \">\n                    <div class=\"g5core__post-featured g5blog__post-featured\">\n                \t\t\t<a title=\"60 Minutos a la Hora\" style=\"--g5core-image-ratio : 60.540540540541%;;background-image: url(https:\/\/www.tiendamartinarevalo.com\/wp-content\/uploads\/2023\/09\/A-60-MINUTOS-A-LA-HORA-portada-555x336.png)\" class=\"g5core__entry-thumbnail g5core__embed-responsive\" href=\"https:\/\/www.tiendamartinarevalo.com\/en\/a-60-minutos-la-hora\/\">\n\t\t\t<\/a>\n\t\t\t                            <\/div>\n                <div class=\"g5blog__post-content\">\n\t        <div class=\"entry-date\">\n\t<a href=\"https:\/\/www.tiendamartinarevalo.com\/en\/a-60-minutos-la-hora\/\">11 de August de 2023<\/a>\n<\/div><h3 class=\"g5blog__post-title\">\n    <a title=\"60 Minutos a la Hora\" href=\"https:\/\/www.tiendamartinarevalo.com\/en\/a-60-minutos-la-hora\/\">60 Minutos a la Hora<\/a>\n<\/h3>\n<ul class=\"g5blog__post-meta\">\n                        <li class=\"cat-meta\">\n            <i class=\"far fa-folder-open\"><\/i> <a href=\"https:\/\/www.tiendamartinarevalo.com\/en\/category\/introduce\/\" rel=\"category tag\">Introduce<\/a>\n        <\/li>\n                <\/ul>\n        <\/div>\n    <\/div>\n<\/article>\n        <\/div>\n            <\/div>\n\n\n\n<\/div>\t\t\t\t<\/div>\n\t\t\t\t<\/div>\n\t\t\t\t\t<\/div>\n\t\t<\/div>\n\t\t\t\t\t<\/div>\n\t\t<\/section>\n\t\t\t\t<section class=\"elementor-section elementor-top-section elementor-element elementor-element-653243502dd53 bg-secondary elementor-section-boxed elementor-section-height-default elementor-section-height-default\" data-id=\"653243502dd53\" data-element_type=\"section\">\n\t\t\t\t\t\t<div class=\"elementor-container elementor-column-gap-default\">\n\t\t\t\t\t<div class=\"elementor-column elementor-col-100 elementor-top-column elementor-element elementor-element-cd8bf9b\" data-id=\"cd8bf9b\" data-element_type=\"column\">\n\t\t\t<div class=\"elementor-widget-wrap elementor-element-populated\">\n\t\t\t\t\t\t<section class=\"elementor-section elementor-inner-section elementor-element elementor-element-5c95506 elementor-section-content-bottom elementor-section-boxed elementor-section-height-default elementor-section-height-default\" data-id=\"5c95506\" data-element_type=\"section\">\n\t\t\t\t\t\t<div class=\"elementor-container elementor-column-gap-no\">\n\t\t\t\t\t<div class=\"elementor-column elementor-col-50 elementor-inner-column elementor-element elementor-element-1dfcb12\" data-id=\"1dfcb12\" data-element_type=\"column\">\n\t\t\t<div class=\"elementor-widget-wrap\">\n\t\t\t\t\t\t\t<\/div>\n\t\t<\/div>\n\t\t\t\t<div class=\"elementor-column elementor-col-50 elementor-inner-column elementor-element elementor-element-5eb097c\" data-id=\"5eb097c\" data-element_type=\"column\">\n\t\t\t<div class=\"elementor-widget-wrap elementor-element-populated\">\n\t\t\t\t\t\t<div class=\"elementor-element elementor-element-02ce0df elementor-align-right elementor-mobile-align-left elementor-widget elementor-widget-ube-button\" data-id=\"02ce0df\" data-element_type=\"widget\" data-widget_type=\"ube-button.default\">\n\t\t\t\t<div class=\"elementor-widget-container\">\n\t\t\t\t\t<a class=\"ube-btn btn btn-md btn- btn-link ube-btn-icon-right\" href=\"https:\/\/www.tiendamartinarevalo.com\/blog\/\">\n\t\t<span class=\"ube-btn-text\">View All<\/span>\n\t\t\t<span class=\"ube-btn-icon\"><i aria-hidden=\"true\" class=\" icomoon-arrow-right\"><\/i><\/span>\n\t<\/a>\n\n\n\t\t\t\t<\/div>\n\t\t\t\t<\/div>\n\t\t\t\t\t<\/div>\n\t\t<\/div>\n\t\t\t\t\t<\/div>\n\t\t<\/section>\n\t\t\t\t<div class=\"elementor-element elementor-element-17355ca elementor-widget elementor-widget-ube-g5-posts-slider\" data-id=\"17355ca\" data-element_type=\"widget\" data-widget_type=\"ube-g5-posts-slider.default\">\n\t\t\t\t<div class=\"elementor-widget-container\">\n\t\t\t\t\t<div class=\"ube__posts-slider\">\n\t    <div data-items-wrapper=\"69d5c25f37e8d\" class=\"g5blog__listing-wrap g5blog__layout-grid\">\n                <div data-items-container data-slick-options='{&quot;slidesToShow&quot;:3,&quot;slidesToScroll&quot;:3,&quot;centerMode&quot;:false,&quot;centerPadding&quot;:null,&quot;arrows&quot;:false,&quot;dots&quot;:true,&quot;infinite&quot;:false,&quot;fade&quot;:false,&quot;adaptiveHeight&quot;:true,&quot;autoplay&quot;:false,&quot;autoplaySpeed&quot;:0,&quot;draggable&quot;:true,&quot;responsive&quot;:[{&quot;breakpoint&quot;:1200,&quot;settings&quot;:{&quot;slidesToShow&quot;:3,&quot;slidesToScroll&quot;:3}},{&quot;breakpoint&quot;:992,&quot;settings&quot;:{&quot;slidesToShow&quot;:2,&quot;slidesToScroll&quot;:2}},{&quot;breakpoint&quot;:768,&quot;settings&quot;:{&quot;slidesToShow&quot;:1,&quot;slidesToScroll&quot;:1}},{&quot;breakpoint&quot;:576,&quot;settings&quot;:{&quot;slidesToShow&quot;:1,&quot;slidesToScroll&quot;:1}}]}' class=\"g5blog__listing-inner slick-slider g5core__gutter-30\">\n            <article class=\"g5core__gutter-item g5blog__post-default g5blog__post-grid g5blog__post-item-1 g5blog__has-post-featured post-4301 post type-post status-publish format-standard has-post-thumbnail hentry\">\n    <div  class=\"g5blog__post-inner \">\n                    <div class=\"g5core__post-featured g5blog__post-featured\">\n                \t\t\t<a title=\"El \u00e1rbol de los deseos\" style=\"--g5core-image-ratio : 60.540540540541%;;background-image: url(https:\/\/www.tiendamartinarevalo.com\/wp-content\/uploads\/2025\/03\/Captura-de-pantalla-2025-03-16-154926-555x336.png)\" class=\"g5core__entry-thumbnail g5core__embed-responsive\" href=\"https:\/\/www.tiendamartinarevalo.com\/en\/el-arbol-de-los-deseos\/\">\n\t\t\t<\/a>\n\t\t\t                            <\/div>\n                <div class=\"g5blog__post-content\">\n\t        <div class=\"entry-date\">\n\t<a href=\"https:\/\/www.tiendamartinarevalo.com\/en\/el-arbol-de-los-deseos\/\">16 de March de 2025<\/a>\n<\/div><h3 class=\"g5blog__post-title\">\n    <a title=\"El \u00e1rbol de los deseos\" href=\"https:\/\/www.tiendamartinarevalo.com\/en\/el-arbol-de-los-deseos\/\">El \u00e1rbol de los deseos<\/a>\n<\/h3>\n<ul class=\"g5blog__post-meta\">\n                        <li class=\"cat-meta\">\n            <i class=\"far fa-folder-open\"><\/i> Uncategorized\n        <\/li>\n                <\/ul>\n        <\/div>\n    <\/div>\n<\/article>\n<article class=\"g5core__gutter-item g5blog__post-default g5blog__post-grid g5blog__post-item-2 g5blog__has-post-featured post-4287 post type-post status-publish format-standard has-post-thumbnail hentry\">\n    <div  class=\"g5blog__post-inner \">\n                    <div class=\"g5core__post-featured g5blog__post-featured\">\n                \t\t\t<a title=\"Lo mejor para vivir la vida. Por el coach personal y de negocios Mart\u00edn Ar\u00e9valo.\" style=\"--g5core-image-ratio : 60.540540540541%;;background-image: url(https:\/\/www.tiendamartinarevalo.com\/wp-content\/uploads\/2025\/03\/Captura-de-pantalla-2025-03-16-153347-555x336.png)\" class=\"g5core__entry-thumbnail g5core__embed-responsive\" href=\"https:\/\/www.tiendamartinarevalo.com\/en\/lo-mejor-para-vivir-la-vida-por-el-coach-personal-y-de-negocios-martin-arevalo\/\">\n\t\t\t<\/a>\n\t\t\t                            <\/div>\n                <div class=\"g5blog__post-content\">\n\t        <div class=\"entry-date\">\n\t<a href=\"https:\/\/www.tiendamartinarevalo.com\/en\/lo-mejor-para-vivir-la-vida-por-el-coach-personal-y-de-negocios-martin-arevalo\/\">16 de March de 2025<\/a>\n<\/div><h3 class=\"g5blog__post-title\">\n    <a title=\"Lo mejor para vivir la vida. Por el coach personal y de negocios Mart\u00edn Ar\u00e9valo.\" href=\"https:\/\/www.tiendamartinarevalo.com\/en\/lo-mejor-para-vivir-la-vida-por-el-coach-personal-y-de-negocios-martin-arevalo\/\">Lo mejor para vivir la vida. Por el coach personal y de negocios Mart\u00edn Ar\u00e9valo.<\/a>\n<\/h3>\n<ul class=\"g5blog__post-meta\">\n                        <li class=\"cat-meta\">\n            <i class=\"far fa-folder-open\"><\/i> Uncategorized\n        <\/li>\n                <\/ul>\n        <\/div>\n    <\/div>\n<\/article>\n<article class=\"g5core__gutter-item g5blog__post-default g5blog__post-grid g5blog__post-item-3 g5blog__has-post-featured post-1270 post type-post status-publish format-standard has-post-thumbnail hentry category-introduce tag-books-with-berke tag-introduction tag-romance\">\n    <div  class=\"g5blog__post-inner \">\n                    <div class=\"g5core__post-featured g5blog__post-featured\">\n                \t\t\t<a title=\"60 Minutos a la Hora\" style=\"--g5core-image-ratio : 60.540540540541%;;background-image: url(https:\/\/www.tiendamartinarevalo.com\/wp-content\/uploads\/2023\/09\/A-60-MINUTOS-A-LA-HORA-portada-555x336.png)\" class=\"g5core__entry-thumbnail g5core__embed-responsive\" href=\"https:\/\/www.tiendamartinarevalo.com\/en\/a-60-minutos-la-hora\/\">\n\t\t\t<\/a>\n\t\t\t                            <\/div>\n                <div class=\"g5blog__post-content\">\n\t        <div class=\"entry-date\">\n\t<a href=\"https:\/\/www.tiendamartinarevalo.com\/en\/a-60-minutos-la-hora\/\">11 de August de 2023<\/a>\n<\/div><h3 class=\"g5blog__post-title\">\n    <a title=\"60 Minutos a la Hora\" href=\"https:\/\/www.tiendamartinarevalo.com\/en\/a-60-minutos-la-hora\/\">60 Minutos a la Hora<\/a>\n<\/h3>\n<ul class=\"g5blog__post-meta\">\n                        <li class=\"cat-meta\">\n            <i class=\"far fa-folder-open\"><\/i> <a href=\"https:\/\/www.tiendamartinarevalo.com\/en\/category\/introduce\/\" rel=\"category tag\">Introduce<\/a>\n        <\/li>\n                <\/ul>\n        <\/div>\n    <\/div>\n<\/article>\n        <\/div>\n            <\/div>\n\n\n\n<\/div>\t\t\t\t<\/div>\n\t\t\t\t<\/div>\n\t\t\t\t\t<\/div>\n\t\t<\/div>\n\t\t\t\t\t<\/div>\n\t\t<\/section>\n\t\t\t\t<\/div>\n\t\t","protected":false},"excerpt":{"rendered":"<p>\u00daltimos cambios Noticias &#038; Entrevistas View All 11 de agosto de 2023 60 Minutos a la Hora 0 Comments Introduce 10 de agosto de 2023 Mart\u00edn Ar\u00e9valo y su impacto en proyectos de ayuda humanitaria 0 Comments History 10 de agosto de 2023 Mart\u00edn Ar\u00e9valo: Impulsando el \u00e9xito de empresas y aut\u00f3nomos 0 Comments Authors [&hellip;]<\/p>\n","protected":false},"author":1,"featured_media":0,"parent":17,"menu_order":0,"comment_status":"closed","ping_status":"closed","template":"elementor_header_footer","meta":{"footnotes":""},"class_list":["post-3544","page","type-page","status-publish","hentry"],"_links":{"self":[{"href":"https:\/\/www.tiendamartinarevalo.com\/en\/wp-json\/wp\/v2\/pages\/3544","targetHints":{"allow":["GET"]}}],"collection":[{"href":"https:\/\/www.tiendamartinarevalo.com\/en\/wp-json\/wp\/v2\/pages"}],"about":[{"href":"https:\/\/www.tiendamartinarevalo.com\/en\/wp-json\/wp\/v2\/types\/page"}],"author":[{"embeddable":true,"href":"https:\/\/www.tiendamartinarevalo.com\/en\/wp-json\/wp\/v2\/users\/1"}],"replies":[{"embeddable":true,"href":"https:\/\/www.tiendamartinarevalo.com\/en\/wp-json\/wp\/v2\/comments?post=3544"}],"version-history":[{"count":3,"href":"https:\/\/www.tiendamartinarevalo.com\/en\/wp-json\/wp\/v2\/pages\/3544\/revisions"}],"predecessor-version":[{"id":4286,"href":"https:\/\/www.tiendamartinarevalo.com\/en\/wp-json\/wp\/v2\/pages\/3544\/revisions\/4286"}],"up":[{"embeddable":true,"href":"https:\/\/www.tiendamartinarevalo.com\/en\/wp-json\/wp\/v2\/pages\/17"}],"wp:attachment":[{"href":"https:\/\/www.tiendamartinarevalo.com\/en\/wp-json\/wp\/v2\/media?parent=3544"}],"curies":[{"name":"wp","href":"https:\/\/api.w.org\/{rel}","templated":true}]}}