{"id":3511,"date":"2023-10-19T06:59:00","date_gmt":"2023-10-19T06:59:00","guid":{"rendered":"https:\/\/www.tiendamartinarevalo.com\/?page_id=3511"},"modified":"2023-10-19T06:59:00","modified_gmt":"2023-10-19T06:59:00","slug":"_authors","status":"publish","type":"page","link":"https:\/\/www.tiendamartinarevalo.com\/en\/elements\/_authors\/","title":{"rendered":"_Authors"},"content":{"rendered":"\t\t<div data-elementor-type=\"wp-page\" data-elementor-id=\"3511\" class=\"elementor elementor-3511\" data-elementor-post-type=\"page\">\n\t\t\t\t\t\t<section class=\"elementor-section elementor-top-section elementor-element elementor-element-6531f8367e83f elementor-section-content-middle authore-bg-ball-random elementor-section-boxed elementor-section-height-default elementor-section-height-default\" data-id=\"6531f8367e83f\" data-element_type=\"section\">\n\t\t\t\t\t\t<div class=\"elementor-container elementor-column-gap-default\">\n\t\t\t\t\t<div class=\"elementor-column elementor-col-50 elementor-top-column elementor-element elementor-element-2083757 el-col-md-12 order-2 order-lg-1\" data-id=\"2083757\" data-element_type=\"column\">\n\t\t\t<div class=\"elementor-widget-wrap elementor-element-populated\">\n\t\t\t\t\t\t<div class=\"elementor-element elementor-element-36a4de1 pr-xl-5 mr-xl-5 elementor-widget elementor-widget-g5-author-singular\" data-id=\"36a4de1\" data-element_type=\"widget\" data-widget_type=\"g5-author-singular.default\">\n\t\t\t\t<div class=\"elementor-widget-container\">\n\t\t\t\t\t<div class=\"g5book__el-author-singular\">\n\t<div class=\"g5book__author-singular-wrap layout-03\">\n\t\t\t\t\t\t<div class=\"g5book__author-singular\">\n\t<div class=\"g5book__author-singular-inner\">\n\t\t\t\t<div class=\"g5book__author-singular-summary\">\n\t\t\t<h3 class=\"g5book__loop-author-title\">\n\t<a class=\"g5core__link\" title=\"Mart\u00edn Ar\u00e9valo\" href=\"https:\/\/www.tiendamartinarevalo.com\/en\/authors\/mohamed-arafa\/\">Mart\u00edn Ar\u00e9valo<\/a>\n<\/h3>\n<div class=\"g5book__loop-author-career\"><a href=\"https:\/\/www.tiendamartinarevalo.com\/en\/author-career\/comunicador\/\" rel=\"tag\">Comunicador<\/a>, <a href=\"https:\/\/www.tiendamartinarevalo.com\/en\/author-career\/empresario\/\" rel=\"tag\">Empresario<\/a>, <a href=\"https:\/\/www.tiendamartinarevalo.com\/en\/author-career\/escritor\/\" rel=\"tag\">Escritor<\/a><\/div><div class=\"g5book__loop-author-desc\">\n\t<p>Dr. En hipnosis cl\u00ednica y Ericksoniana. Especialista en Neurociencias y Neuroempresa, inteligencia emocional u autoestima. Coach Empresarial, personal y neuroventas con m\u00e1s de 30 a\u00f1os de experiencia.Psic\u00f3logo Humanista y coach personal. Formador, conferenciante a nivel internacional y escritor con m\u00e1s de 20 libros como: La estrategia de la mosca, a 60 minutos a la hora [&hellip;]<\/p>\n<\/div>\n\n<ul class=\"g5book__loop-author-award-medals list-inline\">\n\t\t\t<li class=\"list-inline-item\">\n\t\t\t<img decoding=\"async\" width=\"110\" height=\"85\" src=\"https:\/\/www.tiendamartinarevalo.com\/wp-content\/uploads\/2023\/09\/award-02.png\" class=\"attachment-full size-full\" alt=\"\" \/>\t\t<\/li>\n\t\t\t<li class=\"list-inline-item\">\n\t\t\t<img decoding=\"async\" width=\"110\" height=\"85\" src=\"https:\/\/www.tiendamartinarevalo.com\/wp-content\/uploads\/2023\/09\/award-01.png\" class=\"attachment-full size-full\" alt=\"\" \/>\t\t<\/li>\n\t\t\t<li class=\"list-inline-item\">\n\t\t\t<img decoding=\"async\" width=\"110\" height=\"85\" src=\"https:\/\/www.tiendamartinarevalo.com\/wp-content\/uploads\/2023\/09\/award-03.png\" class=\"attachment-full size-full\" alt=\"\" \/>\t\t<\/li>\n\t<\/ul>\n<div class=\"g5book__loop-author-social-wrap layout-02\">\n\t<ul class=\"list-inline g5book__loop-author-social mb-0\">\n\t\t\t<li class=\"list-inline-item\">\n\t\t\t<a class=\"g5core__link\" href=\"#\" title=\"Facebook\">\n\t\t\t\tFacebook\t\t\t<\/a>\n\t\t<\/li>\n\t\t\t<li class=\"list-inline-item\">\n\t\t\t<a class=\"g5core__link\" href=\"#\" title=\"Twitter\">\n\t\t\t\tTwitter\t\t\t<\/a>\n\t\t<\/li>\n\t\t\t<li class=\"list-inline-item\">\n\t\t\t<a class=\"g5core__link\" href=\"#\" title=\"Instagram\">\n\t\t\t\tInstagram\t\t\t<\/a>\n\t\t<\/li>\n\t<\/ul><\/div>\n\t\t<\/div>\n\t<\/div>\n<\/div>\n\t\t\t<\/div>\n\n\n\n\n\n\n<\/div>\n\t\t\t\t<\/div>\n\t\t\t\t<\/div>\n\t\t\t\t\t<\/div>\n\t\t<\/div>\n\t\t\t\t<div class=\"elementor-column elementor-col-50 elementor-top-column elementor-element elementor-element-a0736fc el-col-md-12 order-1 order-lg-2 mb-md-5 mb-lg-0\" data-id=\"a0736fc\" data-element_type=\"column\">\n\t\t\t<div class=\"elementor-widget-wrap elementor-element-populated\">\n\t\t\t\t\t\t<div class=\"elementor-element elementor-element-4946b91 elementor-widget elementor-widget-image\" data-id=\"4946b91\" data-element_type=\"widget\" data-widget_type=\"image.default\">\n\t\t\t\t<div class=\"elementor-widget-container\">\n\t\t\t\t\t\t\t\t\t\t\t\t\t\t\t<img loading=\"lazy\" decoding=\"async\" width=\"506\" height=\"790\" src=\"https:\/\/www.tiendamartinarevalo.com\/wp-content\/uploads\/2023\/09\/about-the-author-01.png\" class=\"attachment-large size-large wp-image-1651\" alt=\"\" srcset=\"https:\/\/www.tiendamartinarevalo.com\/wp-content\/uploads\/2023\/09\/about-the-author-01.png 506w, https:\/\/www.tiendamartinarevalo.com\/wp-content\/uploads\/2023\/09\/about-the-author-01-192x300.png 192w\" sizes=\"(max-width: 506px) 100vw, 506px\" \/>\t\t\t\t\t\t\t\t\t\t\t\t\t\t\t<\/div>\n\t\t\t\t<\/div>\n\t\t\t\t\t<\/div>\n\t\t<\/div>\n\t\t\t\t\t<\/div>\n\t\t<\/section>\n\t\t\t\t<section class=\"elementor-section elementor-top-section elementor-element elementor-element-6531f871259aa g5core__el-xl-full-width bg-gray elementor-section-boxed elementor-section-height-default elementor-section-height-default\" data-id=\"6531f871259aa\" data-element_type=\"section\">\n\t\t\t\t\t\t<div class=\"elementor-container elementor-column-gap-default\">\n\t\t\t\t\t<div class=\"elementor-column elementor-col-100 elementor-top-column elementor-element elementor-element-20be4d4\" data-id=\"20be4d4\" data-element_type=\"column\">\n\t\t\t<div class=\"elementor-widget-wrap elementor-element-populated\">\n\t\t\t\t\t\t<section class=\"elementor-section elementor-inner-section elementor-element elementor-element-5dcbf54 elementor-section-content-bottom elementor-section-boxed elementor-section-height-default elementor-section-height-default\" data-id=\"5dcbf54\" data-element_type=\"section\">\n\t\t\t\t\t\t<div class=\"elementor-container elementor-column-gap-default\">\n\t\t\t\t\t<div class=\"elementor-column elementor-col-50 elementor-inner-column elementor-element elementor-element-84c6240\" data-id=\"84c6240\" data-element_type=\"column\">\n\t\t\t<div class=\"elementor-widget-wrap elementor-element-populated\">\n\t\t\t\t\t\t<div class=\"elementor-element elementor-element-1636a99 elementor-widget elementor-widget-ube-heading\" data-id=\"1636a99\" data-element_type=\"widget\" data-widget_type=\"ube-heading.default\">\n\t\t\t\t<div class=\"elementor-widget-container\">\n\t\t\t\t\t<div class=\"ube-heading\">\n\t<h6 class=\"ube-heading-sub-title\" >BEST OF THE MONTH <\/h6><h2 class=\"ube-heading-title\">Popular Authors<\/h2><\/div>\t\t\t\t<\/div>\n\t\t\t\t<\/div>\n\t\t\t\t\t<\/div>\n\t\t<\/div>\n\t\t\t\t<div class=\"elementor-column elementor-col-50 elementor-inner-column elementor-element elementor-element-36588f4\" data-id=\"36588f4\" data-element_type=\"column\">\n\t\t\t<div class=\"elementor-widget-wrap elementor-element-populated\">\n\t\t\t\t\t\t<div class=\"elementor-element elementor-element-fe4343b elementor-align-right elementor-mobile-align-left elementor-widget elementor-widget-ube-button\" data-id=\"fe4343b\" data-element_type=\"widget\" data-widget_type=\"ube-button.default\">\n\t\t\t\t<div class=\"elementor-widget-container\">\n\t\t\t\t\t<a class=\"ube-btn btn btn-md btn- btn-link ube-btn-icon-right\" href=\"https:\/\/www.tiendamartinarevalo.com\/authors\/\">\n\t\t<span class=\"ube-btn-text\">View All<\/span>\n\t\t\t<span class=\"ube-btn-icon\"><i aria-hidden=\"true\" class=\" icomoon-arrow-right\"><\/i><\/span>\n\t<\/a>\n\n\n\t\t\t\t<\/div>\n\t\t\t\t<\/div>\n\t\t\t\t\t<\/div>\n\t\t<\/div>\n\t\t\t\t\t<\/div>\n\t\t<\/section>\n\t\t\t\t<div class=\"elementor-element elementor-element-6b7708f custom-slider-author-singular  slider-dot-lg-none mw-slider-arrows-lg-none elementor-widget elementor-widget-g5-author-singular\" data-id=\"6b7708f\" data-element_type=\"widget\" data-widget_type=\"g5-author-singular.default\">\n\t\t\t\t<div class=\"elementor-widget-container\">\n\t\t\t\t\t<div class=\"g5book__el-author-singular\">\n\t<div class=\"g5book__author-singular-wrap layout-02 has-image\">\n\t\t<div class=\"slick-slider\" data-slick-options='{&quot;centerMode&quot;:false,&quot;centerPadding&quot;:&quot;50px&quot;,&quot;arrows&quot;:true,&quot;dots&quot;:true,&quot;infinite&quot;:true,&quot;fade&quot;:false,&quot;adaptiveHeight&quot;:true,&quot;autoplay&quot;:false,&quot;autoplaySpeed&quot;:5000,&quot;draggable&quot;:true,&quot;slidesToShow&quot;:1,&quot;slidesToScroll&quot;:1}'>\n\t\t\t\t\t\t\t\t\t\t\t\t\t\t\t\t\t\t\t\t<\/div>\n<\/div>\n\n\n\n\n\n\n<\/div>\n\t\t\t\t<\/div>\n\t\t\t\t<\/div>\n\t\t\t\t\t<\/div>\n\t\t<\/div>\n\t\t\t\t\t<\/div>\n\t\t<\/section>\n\t\t\t\t<section class=\"elementor-section elementor-top-section elementor-element elementor-element-6531f892d0ff5 elementor-section-boxed elementor-section-height-default elementor-section-height-default\" data-id=\"6531f892d0ff5\" data-element_type=\"section\">\n\t\t\t\t\t\t<div class=\"elementor-container elementor-column-gap-default\">\n\t\t\t\t\t<div class=\"elementor-column elementor-col-100 elementor-top-column elementor-element elementor-element-0602c49\" data-id=\"0602c49\" data-element_type=\"column\">\n\t\t\t<div class=\"elementor-widget-wrap elementor-element-populated\">\n\t\t\t\t\t\t<div class=\"elementor-element elementor-element-27ab614 elementor-align-center elementor-widget elementor-widget-ube-heading\" data-id=\"27ab614\" data-element_type=\"widget\" data-widget_type=\"ube-heading.default\">\n\t\t\t\t<div class=\"elementor-widget-container\">\n\t\t\t\t\t<div class=\"ube-heading\">\n\t<h6 class=\"ube-heading-sub-title\" >FOR THIS MONTH<\/h6><h2 class=\"ube-heading-title\">The Best Authors<\/h2><\/div>\t\t\t\t<\/div>\n\t\t\t\t<\/div>\n\t\t\t\t<div class=\"elementor-element elementor-element-8b64a04 elementor-widget elementor-widget-g5-authors-slider\" data-id=\"8b64a04\" data-element_type=\"widget\" data-widget_type=\"g5-authors-slider.default\">\n\t\t\t\t<div class=\"elementor-widget-container\">\n\t\t\t\t\t<div class=\"g5book__el-authors-slider\">\n\t<div data-items-wrapper=\"69ff5da8a9f2a\" class=\"g5book__listing-wrap g5book__author-listing-wrap g5book__layout-grid\">\n\t\t<div data-items-container data-slick-options='{&quot;slidesToShow&quot;:4,&quot;slidesToScroll&quot;:4,&quot;centerMode&quot;:false,&quot;centerPadding&quot;:null,&quot;arrows&quot;:false,&quot;dots&quot;:true,&quot;infinite&quot;:false,&quot;fade&quot;:false,&quot;adaptiveHeight&quot;:true,&quot;autoplay&quot;:false,&quot;autoplaySpeed&quot;:0,&quot;draggable&quot;:true,&quot;responsive&quot;:[{&quot;breakpoint&quot;:1200,&quot;settings&quot;:{&quot;slidesToShow&quot;:4,&quot;slidesToScroll&quot;:4}},{&quot;breakpoint&quot;:992,&quot;settings&quot;:{&quot;slidesToShow&quot;:3,&quot;slidesToScroll&quot;:3}},{&quot;breakpoint&quot;:768,&quot;settings&quot;:{&quot;slidesToShow&quot;:2,&quot;slidesToScroll&quot;:2}},{&quot;breakpoint&quot;:576,&quot;settings&quot;:{&quot;slidesToShow&quot;:1,&quot;slidesToScroll&quot;:1}}]}' class=\"g5book__listing-inner slick-slider g5core__gutter-30\">\n\t\t<article  class=\"g5book__post-item g5core__gutter-item g5book__post-default g5book__author-skin-01 g5author__post-item-1 g5book__author-skin-classic post-1617 authors type-authors status-publish has-post-thumbnail hentry author_cat-autoayuda author_cat-introduccion author_cat-marketing author_cat-psicologia author_career-comunicador author_career-empresario author_career-escritor\">\n\t<div  class=\"g5core__post-item-inner g5book__post-inner \">\n\t\t<div class=\"g5core__post-featured g5book__author-featured\">\n\t\t\t\t\t<a title=\"Mart\u00edn Ar\u00e9valo\" style=\"background-image: url(https:\/\/www.tiendamartinarevalo.com\/wp-content\/uploads\/2025\/03\/about-the-author-01.png)\" class=\"g5core__entry-thumbnail g5core__embed-responsive g5core__image-size-1x1\" href=\"https:\/\/www.tiendamartinarevalo.com\/en\/authors\/mohamed-arafa\/\">\n\t\t\t<\/a>\n\t\t\t\t<\/div>\n\t\t<div class=\"g5book__author-content\">\n\t\t\t<h3 class=\"g5book__loop-author-title\">\n\t<a class=\"g5core__link\" title=\"Mart\u00edn Ar\u00e9valo\" href=\"https:\/\/www.tiendamartinarevalo.com\/en\/authors\/mohamed-arafa\/\">Mart\u00edn Ar\u00e9valo<\/a>\n<\/h3>\n<div class=\"g5book__loop-book-count\">\n\t24 <span>Books<\/span><\/div>\n\t\t<\/div>\n\t<\/div>\n<\/article>\n\t<\/div>\n\t<\/div>\n<\/div>\t\t\t\t<\/div>\n\t\t\t\t<\/div>\n\t\t\t\t\t<\/div>\n\t\t<\/div>\n\t\t\t\t\t<\/div>\n\t\t<\/section>\n\t\t\t\t<\/div>\n\t\t","protected":false},"excerpt":{"rendered":"<p>Mohamed Arafa Author, Entrepreneur, Speaker I\u2019m a business leader, Technology entrepreneur, Speaker, Author and Investor. My goal is to inspire others towards a positive change. Facebook Twitter Instagram BEST OF THE MONTH Popular Authors View All Fatima Mahmoud (1 review) With Mami\u2019s determination to force her daughter to obey the laws of the church, Xiomara [&hellip;]<\/p>\n","protected":false},"author":1,"featured_media":0,"parent":17,"menu_order":0,"comment_status":"closed","ping_status":"closed","template":"elementor_header_footer","meta":{"footnotes":""},"class_list":["post-3511","page","type-page","status-publish","hentry"],"_links":{"self":[{"href":"https:\/\/www.tiendamartinarevalo.com\/en\/wp-json\/wp\/v2\/pages\/3511","targetHints":{"allow":["GET"]}}],"collection":[{"href":"https:\/\/www.tiendamartinarevalo.com\/en\/wp-json\/wp\/v2\/pages"}],"about":[{"href":"https:\/\/www.tiendamartinarevalo.com\/en\/wp-json\/wp\/v2\/types\/page"}],"author":[{"embeddable":true,"href":"https:\/\/www.tiendamartinarevalo.com\/en\/wp-json\/wp\/v2\/users\/1"}],"replies":[{"embeddable":true,"href":"https:\/\/www.tiendamartinarevalo.com\/en\/wp-json\/wp\/v2\/comments?post=3511"}],"version-history":[{"count":0,"href":"https:\/\/www.tiendamartinarevalo.com\/en\/wp-json\/wp\/v2\/pages\/3511\/revisions"}],"up":[{"embeddable":true,"href":"https:\/\/www.tiendamartinarevalo.com\/en\/wp-json\/wp\/v2\/pages\/17"}],"wp:attachment":[{"href":"https:\/\/www.tiendamartinarevalo.com\/en\/wp-json\/wp\/v2\/media?parent=3511"}],"curies":[{"name":"wp","href":"https:\/\/api.w.org\/{rel}","templated":true}]}}